{"id":229,"date":"2023-08-25T09:44:23","date_gmt":"2023-08-25T07:44:23","guid":{"rendered":"https:\/\/www.tact-transfusion.org\/tactv2\/?page_id=229"},"modified":"2025-11-27T23:59:47","modified_gmt":"2025-11-27T22:59:47","slug":"presentation-de-lassociation","status":"publish","type":"page","link":"https:\/\/www.tact-transfusion.org\/index.php\/lassociation-tact\/presentation-de-lassociation\/","title":{"rendered":"Pr\u00e9sentation de l&rsquo;Association"},"content":{"rendered":"\n<p class=\"has-black-color has-text-color\" style=\"font-size:20px\">TACT est une association loi 1901, g\u00e9r\u00e9e par des b\u00e9n\u00e9voles travaillant dans divers sites de l\u2019EFS.<br>Sa vocation est de r\u00e9unir les techniciens de transfusion de l\u2019EFS de toutes les r\u00e9gions ainsi que ceux du Centre de Transfusion des Arm\u00e9es pour favoriser les \u00e9changes inter-sites au niveau technique et offrir aux techniciens des informations sur les diff\u00e9rents domaines de la transfusion sanguine.<br>TACT organise deux fois par an des rencontres dans diff\u00e9rentes r\u00e9gions o\u00f9 des intervenants locaux pr\u00e9sentent des sujets d\u2019actualit\u00e9 ou de fond dans tous les secteurs de la transfusion. Vous pouvez voir dans les autres pages la diversit\u00e9 et l\u2019int\u00e9r\u00eat de ces sujets.<br>Ces rencontres se d\u00e9roulent sur deux \u00bd journ\u00e9es :<\/p>\n\n\n\n<ul class=\"wp-block-list\">\n<li style=\"font-size:20px\"><mark style=\"background-color:rgba(0, 0, 0, 0)\" class=\"has-inline-color has-black-color\">1er apr\u00e8s-midi: accueil et pr\u00e9sentations jusqu\u2019\u00e0 18 h 30<\/mark><\/li>\n\n\n\n<li style=\"font-size:20px\"><mark style=\"background-color:rgba(0, 0, 0, 0)\" class=\"has-inline-color has-black-color\">1er soir: d\u00eener offert par l&rsquo;association, lieu d\u2019\u00e9changes et de convivialit\u00e9<\/mark><\/li>\n\n\n\n<li style=\"font-size:20px\"><mark style=\"background-color:rgba(0, 0, 0, 0)\" class=\"has-inline-color has-black-color\">Lendemain matin: pr\u00e9sentations de 8 h 30 \u00e0 12 h 30<\/mark><\/li>\n<\/ul>\n\n\n\n<p class=\"has-black-color has-text-color\" style=\"font-size:20px\">L\u2019automne 2016 voit l\u2019arriv\u00e9e de la DPC dans nos journ\u00e9es. La pr\u00e9sentation du sujet aura lieu le premier matin de 9h30 \u00e0 midi pour les\u00a0personnes inscrites.<\/p>\n\n\n\n<p class=\"has-black-color has-text-color has-link-color has-medium-font-size wp-elements-9ea9de3557edab6b4469dff93e6affdc\"><\/p>\n\n\n\n<p class=\"has-black-color has-text-color\" style=\"font-size:20px\"><\/p>\n\n\n\n<p><\/p>\n","protected":false},"excerpt":{"rendered":"<p>TACT est une association loi 1901, g\u00e9r\u00e9e par des b\u00e9n\u00e9voles travaillant dans divers sites de l\u2019EFS.Sa vocation est de r\u00e9unir les techniciens de transfusion de l\u2019EFS de toutes les r\u00e9gions ainsi que ceux du Centre de Transfusion des Arm\u00e9es pour favoriser les \u00e9changes inter-sites au niveau technique et offrir aux techniciens des informations sur les&hellip; <br \/> <a class=\"read-more\" href=\"https:\/\/www.tact-transfusion.org\/index.php\/lassociation-tact\/presentation-de-lassociation\/\">Lire la suite<\/a><\/p>\n","protected":false},"author":1,"featured_media":0,"parent":13,"menu_order":0,"comment_status":"closed","ping_status":"closed","template":"","meta":{"_monsterinsights_skip_tracking":false,"_monsterinsights_sitenote_active":false,"_monsterinsights_sitenote_note":"","_monsterinsights_sitenote_category":0,"footnotes":""},"categories":[],"tags":[],"class_list":["post-229","page","type-page","status-publish","hentry"],"_links":{"self":[{"href":"https:\/\/www.tact-transfusion.org\/index.php\/wp-json\/wp\/v2\/pages\/229","targetHints":{"allow":["GET"]}}],"collection":[{"href":"https:\/\/www.tact-transfusion.org\/index.php\/wp-json\/wp\/v2\/pages"}],"about":[{"href":"https:\/\/www.tact-transfusion.org\/index.php\/wp-json\/wp\/v2\/types\/page"}],"author":[{"embeddable":true,"href":"https:\/\/www.tact-transfusion.org\/index.php\/wp-json\/wp\/v2\/users\/1"}],"replies":[{"embeddable":true,"href":"https:\/\/www.tact-transfusion.org\/index.php\/wp-json\/wp\/v2\/comments?post=229"}],"version-history":[{"count":10,"href":"https:\/\/www.tact-transfusion.org\/index.php\/wp-json\/wp\/v2\/pages\/229\/revisions"}],"predecessor-version":[{"id":3127,"href":"https:\/\/www.tact-transfusion.org\/index.php\/wp-json\/wp\/v2\/pages\/229\/revisions\/3127"}],"up":[{"embeddable":true,"href":"https:\/\/www.tact-transfusion.org\/index.php\/wp-json\/wp\/v2\/pages\/13"}],"wp:attachment":[{"href":"https:\/\/www.tact-transfusion.org\/index.php\/wp-json\/wp\/v2\/media?parent=229"}],"wp:term":[{"taxonomy":"category","embeddable":true,"href":"https:\/\/www.tact-transfusion.org\/index.php\/wp-json\/wp\/v2\/categories?post=229"},{"taxonomy":"post_tag","embeddable":true,"href":"https:\/\/www.tact-transfusion.org\/index.php\/wp-json\/wp\/v2\/tags?post=229"}],"curies":[{"name":"wp","href":"https:\/\/api.w.org\/{rel}","templated":true}]}}