{"id":2456,"date":"2023-11-13T14:50:18","date_gmt":"2023-11-13T13:50:18","guid":{"rendered":"https:\/\/www.tact-transfusion.org\/tactv2\/?page_id=2456"},"modified":"2026-05-04T15:45:00","modified_gmt":"2026-05-04T13:45:00","slug":"infos-pratiques","status":"publish","type":"page","link":"https:\/\/www.tact-transfusion.org\/index.php\/infos-pratiques\/","title":{"rendered":"Se rendre sur place"},"content":{"rendered":"\n<p class=\"has-text-align-center has-large-font-size\"><strong><mark style=\"background-color:rgba(0, 0, 0, 0);color:#49608a\" class=\"has-inline-color\">Prochaines rencontres: Clamart CTSA<\/mark><\/strong><\/p>\n\n\n\n<p class=\"has-medium-font-size\"><strong><mark style=\"background-color:rgba(0, 0, 0, 0)\" class=\"has-inline-color has-vivid-red-color\">Lieu des rencontres:<\/mark><\/strong> ce lieu sera prochainement pr\u00e9cis\u00e9<\/p>\n\n\n\n<p class=\"has-black-color has-text-color has-link-color has-medium-font-size wp-elements-9ea9de3557edab6b4469dff93e6affdc\"><\/p>\n\n\n\n<p class=\"has-black-color has-text-color has-link-color has-medium-font-size wp-elements-6e1995dc505923bd0621127001414563\"><mark style=\"background-color:rgba(0, 0, 0, 0)\" class=\"has-inline-color has-vivid-red-color\"><strong>Lieu de repas du lundi soir<\/strong><\/mark> : ce lieu sera prochainement pr\u00e9cis\u00e9<\/p>\n\n\n\n<p><\/p>\n\n\n\n<p><\/p>\n","protected":false},"excerpt":{"rendered":"<p>Prochaines rencontres: Clamart CTSA Lieu des rencontres: ce lieu sera prochainement pr\u00e9cis\u00e9 Lieu de repas du lundi soir : ce lieu sera prochainement pr\u00e9cis\u00e9<\/p>\n","protected":false},"author":1,"featured_media":0,"parent":0,"menu_order":0,"comment_status":"closed","ping_status":"closed","template":"","meta":{"_monsterinsights_skip_tracking":false,"_monsterinsights_sitenote_active":false,"_monsterinsights_sitenote_note":"","_monsterinsights_sitenote_category":0,"footnotes":""},"categories":[],"tags":[],"class_list":["post-2456","page","type-page","status-publish","hentry"],"_links":{"self":[{"href":"https:\/\/www.tact-transfusion.org\/index.php\/wp-json\/wp\/v2\/pages\/2456","targetHints":{"allow":["GET"]}}],"collection":[{"href":"https:\/\/www.tact-transfusion.org\/index.php\/wp-json\/wp\/v2\/pages"}],"about":[{"href":"https:\/\/www.tact-transfusion.org\/index.php\/wp-json\/wp\/v2\/types\/page"}],"author":[{"embeddable":true,"href":"https:\/\/www.tact-transfusion.org\/index.php\/wp-json\/wp\/v2\/users\/1"}],"replies":[{"embeddable":true,"href":"https:\/\/www.tact-transfusion.org\/index.php\/wp-json\/wp\/v2\/comments?post=2456"}],"version-history":[{"count":40,"href":"https:\/\/www.tact-transfusion.org\/index.php\/wp-json\/wp\/v2\/pages\/2456\/revisions"}],"predecessor-version":[{"id":3527,"href":"https:\/\/www.tact-transfusion.org\/index.php\/wp-json\/wp\/v2\/pages\/2456\/revisions\/3527"}],"wp:attachment":[{"href":"https:\/\/www.tact-transfusion.org\/index.php\/wp-json\/wp\/v2\/media?parent=2456"}],"wp:term":[{"taxonomy":"category","embeddable":true,"href":"https:\/\/www.tact-transfusion.org\/index.php\/wp-json\/wp\/v2\/categories?post=2456"},{"taxonomy":"post_tag","embeddable":true,"href":"https:\/\/www.tact-transfusion.org\/index.php\/wp-json\/wp\/v2\/tags?post=2456"}],"curies":[{"name":"wp","href":"https:\/\/api.w.org\/{rel}","templated":true}]}}