{"id":2684,"date":"2024-09-10T22:17:06","date_gmt":"2024-09-10T20:17:06","guid":{"rendered":"https:\/\/www.tact-transfusion.org\/?page_id=2684"},"modified":"2026-03-12T12:41:55","modified_gmt":"2026-03-12T11:41:55","slug":"organisation-des-prochaines-rencontres","status":"publish","type":"page","link":"https:\/\/www.tact-transfusion.org\/index.php\/organisation-des-prochaines-rencontres\/","title":{"rendered":"Organisation des prochaines rencontres"},"content":{"rendered":"\n<p class=\"has-medium-font-size\"><mark style=\"background-color:rgba(0, 0, 0, 0)\" class=\"has-inline-color has-black-color\">Si vous souhaitez organiser les prochaines rencontres dans votre r\u00e9gion faites le nous savoir. Nous serons ravis de travailler ensemble pour organiser des belles rencontres. Manifestez vous aupr\u00e8s des membres du bureau du TACT lors de nos rencontres ou contactez nous \u00e0 <strong>contact@tact-transfusion.org<\/strong><\/mark><\/p>\n\n\n\n<p class=\"has-black-color has-text-color has-link-color has-medium-font-size wp-elements-dcd0f4890fef9f0a203e2cda8008f733\"><mark style=\"background-color:rgba(0, 0, 0, 0)\" class=\"has-inline-color has-black-color\">Les rencontres d<\/mark>&lsquo;automne<mark style=\"background-color:rgba(0, 0, 0, 0)\" class=\"has-inline-color has-black-color\"><strong style=\"background-color: rgba(0, 0, 0, 0);\"> 2026 <\/strong>se d\u00e9rouleront au CTSA \u00e0 Clamart \u00e0 les lundi 9 et mardi 10 novembre <\/mark>2026<\/p>\n\n\n\n<p><\/p>\n","protected":false},"excerpt":{"rendered":"<p>Si vous souhaitez organiser les prochaines rencontres dans votre r\u00e9gion faites le nous savoir. Nous serons ravis de travailler ensemble pour organiser des belles rencontres. Manifestez vous aupr\u00e8s des membres du bureau du TACT lors de nos rencontres ou contactez nous \u00e0 contact@tact-transfusion.org Les rencontres d&lsquo;automne 2026 se d\u00e9rouleront au CTSA \u00e0 Clamart \u00e0 les&hellip; <br \/> <a class=\"read-more\" href=\"https:\/\/www.tact-transfusion.org\/index.php\/organisation-des-prochaines-rencontres\/\">Lire la suite<\/a><\/p>\n","protected":false},"author":1,"featured_media":0,"parent":0,"menu_order":0,"comment_status":"closed","ping_status":"closed","template":"","meta":{"_monsterinsights_skip_tracking":false,"_monsterinsights_sitenote_active":false,"_monsterinsights_sitenote_note":"","_monsterinsights_sitenote_category":0,"footnotes":""},"categories":[],"tags":[],"class_list":["post-2684","page","type-page","status-publish","hentry"],"_links":{"self":[{"href":"https:\/\/www.tact-transfusion.org\/index.php\/wp-json\/wp\/v2\/pages\/2684","targetHints":{"allow":["GET"]}}],"collection":[{"href":"https:\/\/www.tact-transfusion.org\/index.php\/wp-json\/wp\/v2\/pages"}],"about":[{"href":"https:\/\/www.tact-transfusion.org\/index.php\/wp-json\/wp\/v2\/types\/page"}],"author":[{"embeddable":true,"href":"https:\/\/www.tact-transfusion.org\/index.php\/wp-json\/wp\/v2\/users\/1"}],"replies":[{"embeddable":true,"href":"https:\/\/www.tact-transfusion.org\/index.php\/wp-json\/wp\/v2\/comments?post=2684"}],"version-history":[{"count":12,"href":"https:\/\/www.tact-transfusion.org\/index.php\/wp-json\/wp\/v2\/pages\/2684\/revisions"}],"predecessor-version":[{"id":3337,"href":"https:\/\/www.tact-transfusion.org\/index.php\/wp-json\/wp\/v2\/pages\/2684\/revisions\/3337"}],"wp:attachment":[{"href":"https:\/\/www.tact-transfusion.org\/index.php\/wp-json\/wp\/v2\/media?parent=2684"}],"wp:term":[{"taxonomy":"category","embeddable":true,"href":"https:\/\/www.tact-transfusion.org\/index.php\/wp-json\/wp\/v2\/categories?post=2684"},{"taxonomy":"post_tag","embeddable":true,"href":"https:\/\/www.tact-transfusion.org\/index.php\/wp-json\/wp\/v2\/tags?post=2684"}],"curies":[{"name":"wp","href":"https:\/\/api.w.org\/{rel}","templated":true}]}}