{"id":2755,"date":"2024-11-11T00:00:51","date_gmt":"2024-11-10T23:00:51","guid":{"rendered":"https:\/\/www.tact-transfusion.org\/?page_id=2755"},"modified":"2025-12-01T22:45:49","modified_gmt":"2025-12-01T21:45:49","slug":"saint-denis-siege-2024","status":"publish","type":"page","link":"https:\/\/www.tact-transfusion.org\/index.php\/presentations\/saint-denis-siege-2024\/","title":{"rendered":"Saint-Denis Si\u00e8ge (2024)"},"content":{"rendered":"\n<div class=\"wp-block-media-text is-stacked-on-mobile\" style=\"grid-template-columns:25% auto\"><figure class=\"wp-block-media-text__media\"><a href=\"https:\/\/www.tact-transfusion.org\/wp-content\/uploads\/2024\/11\/Programme-Rencontres-TACT-Saint-Denis-EFS-Siege_V5-1.pdf\" target=\"_blank\" rel=\"noreferrer noopener\"><img decoding=\"async\" src=\"https:\/\/www.tact-transfusion.org\/wp-content\/uploads\/2023\/08\/cropped-cropped-logo.jpg\" alt=\"\" class=\"wp-image-246 size-full\"\/><\/a><\/figure><div class=\"wp-block-media-text__content\">\n<p class=\"has-medium-font-size\"><strong><a href=\"https:\/\/www.tact-transfusion.org\/wp-content\/uploads\/2024\/11\/Programme-Rencontres-TACT-Saint-Denis-EFS-Siege_V5-1.pdf\" target=\"_blank\" rel=\"noopener\" title=\"\"><mark style=\"background-color:rgba(0, 0, 0, 0);color:#49608a\" class=\"has-inline-color\">Le programme des rencontres<\/mark><\/a><\/strong><\/p>\n<\/div><\/div>\n\n\n\n<p><\/p>\n\n\n\n<p><\/p>\n\n\n\n<p class=\"has-medium-font-size\"><mark style=\"background-color:rgba(0, 0, 0, 0)\" class=\"has-inline-color has-black-color\"> Il se peut que certaines ne soient pas diffus\u00e9es car l&rsquo;auteur doit en donner son accord et cela n&rsquo;est pas toujours possible (publications en cours, acc\u00e8s libre..)<\/mark><\/p>\n\n\n\n<div class=\"wp-block-media-text is-stacked-on-mobile\" style=\"grid-template-columns:25% auto\"><figure class=\"wp-block-media-text__media\"><a href=\"https:\/\/www.tact-transfusion.org\/wp-content\/uploads\/2024\/11\/Pascal-PEDINI_La-recherche-scientifique-a-lEFS-au-profit-du-patient.pdf\" target=\"_blank\" rel=\" noreferrer noopener\"><img fetchpriority=\"high\" decoding=\"async\" width=\"1024\" height=\"622\" src=\"https:\/\/www.tact-transfusion.org\/wp-content\/uploads\/2024\/11\/tempImagejmeaVe-1024x622.jpg\" alt=\"\" class=\"wp-image-2763 size-full\" srcset=\"https:\/\/www.tact-transfusion.org\/wp-content\/uploads\/2024\/11\/tempImagejmeaVe-1024x622.jpg 1024w, https:\/\/www.tact-transfusion.org\/wp-content\/uploads\/2024\/11\/tempImagejmeaVe-300x182.jpg 300w, https:\/\/www.tact-transfusion.org\/wp-content\/uploads\/2024\/11\/tempImagejmeaVe-768x467.jpg 768w, https:\/\/www.tact-transfusion.org\/wp-content\/uploads\/2024\/11\/tempImagejmeaVe-1536x934.jpg 1536w, https:\/\/www.tact-transfusion.org\/wp-content\/uploads\/2024\/11\/tempImagejmeaVe-1777x1080.jpg 1777w, https:\/\/www.tact-transfusion.org\/wp-content\/uploads\/2024\/11\/tempImagejmeaVe.jpg 1872w\" sizes=\"(max-width: 1024px) 100vw, 1024px\" \/><\/a><\/figure><div class=\"wp-block-media-text__content\">\n<p class=\"has-medium-font-size\"><strong><a href=\"https:\/\/www.tact-transfusion.org\/wp-content\/uploads\/2024\/11\/Pascal-PEDINI_La-recherche-scientifique-a-lEFS-au-profit-du-patient.pdf\" target=\"_blank\" rel=\"noopener\" title=\"\"><mark style=\"background-color:rgba(0, 0, 0, 0)\" class=\"has-inline-color has-vivid-red-color\">La recherche scientifique \u00e0 l\u2019EFS au profit du patient (Pascal PEDINI)<\/mark><\/a><\/strong><\/p>\n\n\n\n<figure class=\"wp-block-audio\"><audio controls src=\"https:\/\/www.tact-transfusion.org\/wp-content\/uploads\/2024\/11\/Pascal-PEDINI_La-recherche-scientifique-a-lEFS-au-profit-du-patient.mp3.mp3\"><\/audio><\/figure>\n<\/div><\/div>\n\n\n\n<p><\/p>\n\n\n\n<div class=\"wp-block-media-text is-stacked-on-mobile\" style=\"grid-template-columns:25% auto\"><figure class=\"wp-block-media-text__media\"><a href=\"https:\/\/www.tact-transfusion.org\/wp-content\/uploads\/2024\/11\/Jean-Yves-Py_Les-formations-Campus-EFS.pdf\" target=\"_blank\" rel=\" noreferrer noopener\"><img decoding=\"async\" width=\"1024\" height=\"578\" src=\"https:\/\/www.tact-transfusion.org\/wp-content\/uploads\/2024\/11\/tempImageWWA4Mt-1024x578.jpg\" alt=\"\" class=\"wp-image-2785 size-full\" srcset=\"https:\/\/www.tact-transfusion.org\/wp-content\/uploads\/2024\/11\/tempImageWWA4Mt-1024x578.jpg 1024w, https:\/\/www.tact-transfusion.org\/wp-content\/uploads\/2024\/11\/tempImageWWA4Mt-300x169.jpg 300w, https:\/\/www.tact-transfusion.org\/wp-content\/uploads\/2024\/11\/tempImageWWA4Mt-768x433.jpg 768w, https:\/\/www.tact-transfusion.org\/wp-content\/uploads\/2024\/11\/tempImageWWA4Mt-1536x866.jpg 1536w, https:\/\/www.tact-transfusion.org\/wp-content\/uploads\/2024\/11\/tempImageWWA4Mt-2048x1155.jpg 2048w, https:\/\/www.tact-transfusion.org\/wp-content\/uploads\/2024\/11\/tempImageWWA4Mt-1915x1080.jpg 1915w\" sizes=\"(max-width: 1024px) 100vw, 1024px\" \/><\/a><\/figure><div class=\"wp-block-media-text__content\">\n<p class=\"has-medium-font-size\"><strong><a href=\"https:\/\/www.tact-transfusion.org\/wp-content\/uploads\/2024\/11\/Jean-Yves-Py_Les-formations-Campus-EFS.pdf\" target=\"_blank\" rel=\"noopener\" title=\"\"><mark style=\"background-color:rgba(0, 0, 0, 0)\" class=\"has-inline-color has-vivid-red-color\">Les formations Campus EFS (Jean-Yves PY)<\/mark><\/a><\/strong><\/p>\n\n\n\n<figure class=\"wp-block-audio\"><audio controls src=\"https:\/\/www.tact-transfusion.org\/wp-content\/uploads\/2024\/11\/Presentation-Formation-CAMPUS-Dr-Jean-Yves-PY-Directeur-adjoint-de-CAMPUS-EFS.mp3.mp3\"><\/audio><\/figure>\n<\/div><\/div>\n\n\n\n<p><\/p>\n\n\n\n<div class=\"wp-block-media-text is-stacked-on-mobile\" style=\"grid-template-columns:25% auto\"><figure class=\"wp-block-media-text__media\"><a href=\"https:\/\/www.tact-transfusion.org\/wp-content\/uploads\/2024\/11\/Philippe-HALBOUT_La-geomatique-a-lEFS.pdf\" target=\"_blank\" rel=\" noreferrer noopener\"><img decoding=\"async\" width=\"1024\" height=\"603\" src=\"https:\/\/www.tact-transfusion.org\/wp-content\/uploads\/2024\/11\/tempImageLNTs4M-1024x603.jpg\" alt=\"\" class=\"wp-image-2792 size-full\" srcset=\"https:\/\/www.tact-transfusion.org\/wp-content\/uploads\/2024\/11\/tempImageLNTs4M-1024x603.jpg 1024w, https:\/\/www.tact-transfusion.org\/wp-content\/uploads\/2024\/11\/tempImageLNTs4M-300x177.jpg 300w, https:\/\/www.tact-transfusion.org\/wp-content\/uploads\/2024\/11\/tempImageLNTs4M-768x452.jpg 768w, https:\/\/www.tact-transfusion.org\/wp-content\/uploads\/2024\/11\/tempImageLNTs4M-1536x905.jpg 1536w, https:\/\/www.tact-transfusion.org\/wp-content\/uploads\/2024\/11\/tempImageLNTs4M-1834x1080.jpg 1834w, https:\/\/www.tact-transfusion.org\/wp-content\/uploads\/2024\/11\/tempImageLNTs4M.jpg 1878w\" sizes=\"(max-width: 1024px) 100vw, 1024px\" \/><\/a><\/figure><div class=\"wp-block-media-text__content\">\n<p class=\"has-medium-font-size\"><strong><a href=\"https:\/\/www.tact-transfusion.org\/wp-content\/uploads\/2024\/11\/Philippe-HALBOUT_La-geomatique-a-lEFS.pdf\" target=\"_blank\" rel=\"noopener\" title=\"\"><mark style=\"background-color:rgba(0, 0, 0, 0)\" class=\"has-inline-color has-vivid-red-color\">La g\u00e9omatique \u00e0 l&rsquo;EFS (Dr Philippe HALBOUT)<\/mark><\/a><\/strong><\/p>\n<\/div><\/div>\n\n\n\n<p><\/p>\n\n\n\n<div class=\"wp-block-media-text is-stacked-on-mobile\" style=\"grid-template-columns:25% auto\"><figure class=\"wp-block-media-text__media\"><a href=\"https:\/\/www.tact-transfusion.org\/wp-content\/uploads\/2024\/11\/A.-Floch_Presentation-drepanocytose-TACT-2024.pdf\" target=\"_blank\" rel=\" noreferrer noopener\"><img loading=\"lazy\" decoding=\"async\" width=\"1024\" height=\"660\" src=\"https:\/\/www.tact-transfusion.org\/wp-content\/uploads\/2024\/11\/tempImageNziMWA-1024x660.jpg\" alt=\"\" class=\"wp-image-2803 size-full\" srcset=\"https:\/\/www.tact-transfusion.org\/wp-content\/uploads\/2024\/11\/tempImageNziMWA-1024x660.jpg 1024w, https:\/\/www.tact-transfusion.org\/wp-content\/uploads\/2024\/11\/tempImageNziMWA-300x193.jpg 300w, https:\/\/www.tact-transfusion.org\/wp-content\/uploads\/2024\/11\/tempImageNziMWA-768x495.jpg 768w, https:\/\/www.tact-transfusion.org\/wp-content\/uploads\/2024\/11\/tempImageNziMWA-1536x990.jpg 1536w, https:\/\/www.tact-transfusion.org\/wp-content\/uploads\/2024\/11\/tempImageNziMWA-1676x1080.jpg 1676w, https:\/\/www.tact-transfusion.org\/wp-content\/uploads\/2024\/11\/tempImageNziMWA.jpg 1754w\" sizes=\"(max-width: 1024px) 100vw, 1024px\" \/><\/a><\/figure><div class=\"wp-block-media-text__content\">\n<p class=\"has-medium-font-size\"><a href=\"https:\/\/www.tact-transfusion.org\/wp-content\/uploads\/2024\/11\/A.-Floch_Presentation-drepanocytose-TACT-2024.pdf\" target=\"_blank\" rel=\"noopener\" title=\"\"><mark style=\"background-color:rgba(0, 0, 0, 0)\" class=\"has-inline-color has-vivid-red-color\"><strong>La prise en charge immunoh\u00e9matologique et transfusionnelle de la dr\u00e9panocytose (Dr Aline FLOC&rsquo;H)<\/strong><\/mark><\/a><\/p>\n\n\n\n<figure class=\"wp-block-audio\"><audio controls src=\"https:\/\/www.tact-transfusion.org\/wp-content\/uploads\/2024\/11\/La-prise-en-charge-immunohematologique-et-transfusionnelle-de-la-drepanocytose-Dr-Aline-FLOCH-Biologiste-medicale-Creteil-site-Henri-Mondor-1.mp3\"><\/audio><\/figure>\n<\/div><\/div>\n\n\n\n<p><\/p>\n\n\n\n<div class=\"wp-block-media-text is-stacked-on-mobile\" style=\"grid-template-columns:25% auto\"><figure class=\"wp-block-media-text__media\"><a href=\"https:\/\/www.tact-transfusion.org\/wp-content\/uploads\/2024\/12\/Vanina-COROMINAS_La-gestion-transfusionnelle-en-OPEX.pdf\" target=\"_blank\" rel=\" noreferrer noopener\"><img loading=\"lazy\" decoding=\"async\" width=\"1024\" height=\"766\" src=\"https:\/\/www.tact-transfusion.org\/wp-content\/uploads\/2024\/12\/Capture-decran-2024-12-20-a-07.42.51-1024x766.png\" alt=\"\" class=\"wp-image-2811 size-full\" srcset=\"https:\/\/www.tact-transfusion.org\/wp-content\/uploads\/2024\/12\/Capture-decran-2024-12-20-a-07.42.51-1024x766.png 1024w, https:\/\/www.tact-transfusion.org\/wp-content\/uploads\/2024\/12\/Capture-decran-2024-12-20-a-07.42.51-300x225.png 300w, https:\/\/www.tact-transfusion.org\/wp-content\/uploads\/2024\/12\/Capture-decran-2024-12-20-a-07.42.51-768x575.png 768w, https:\/\/www.tact-transfusion.org\/wp-content\/uploads\/2024\/12\/Capture-decran-2024-12-20-a-07.42.51-1536x1150.png 1536w, https:\/\/www.tact-transfusion.org\/wp-content\/uploads\/2024\/12\/Capture-decran-2024-12-20-a-07.42.51-1443x1080.png 1443w, https:\/\/www.tact-transfusion.org\/wp-content\/uploads\/2024\/12\/Capture-decran-2024-12-20-a-07.42.51.png 2004w\" sizes=\"(max-width: 1024px) 100vw, 1024px\" \/><\/a><\/figure><div class=\"wp-block-media-text__content\">\n<p class=\"has-medium-font-size\"><a href=\"https:\/\/www.tact-transfusion.org\/wp-content\/uploads\/2024\/12\/Vanina-COROMINAS_La-gestion-transfusionnelle-en-OPEX.pdf\" target=\"_blank\" rel=\"noopener\" title=\"\"><mark style=\"background-color:rgba(0, 0, 0, 0)\" class=\"has-inline-color has-vivid-red-color\"><strong>La gestion transfusionnelle en op\u00e9ration ext\u00e9rieure (Dr Vanina COROMINAS)<\/strong><\/mark><\/a><\/p>\n<\/div><\/div>\n\n\n\n<p><\/p>\n\n\n\n<div class=\"wp-block-media-text is-stacked-on-mobile\" style=\"grid-template-columns:25% auto\"><figure class=\"wp-block-media-text__media\"><a href=\"https:\/\/www.tact-transfusion.org\/wp-content\/uploads\/2025\/01\/Sebastien-LINOSSIER_Les-concentres-de-plaquettes.pdf\" target=\"_blank\" rel=\" noreferrer noopener\"><img loading=\"lazy\" decoding=\"async\" width=\"1024\" height=\"764\" src=\"https:\/\/www.tact-transfusion.org\/wp-content\/uploads\/2025\/01\/Capture-decran-2025-01-06-a-09.11.05-1024x764.png\" alt=\"\" class=\"wp-image-2828 size-full\" srcset=\"https:\/\/www.tact-transfusion.org\/wp-content\/uploads\/2025\/01\/Capture-decran-2025-01-06-a-09.11.05-1024x764.png 1024w, https:\/\/www.tact-transfusion.org\/wp-content\/uploads\/2025\/01\/Capture-decran-2025-01-06-a-09.11.05-300x224.png 300w, https:\/\/www.tact-transfusion.org\/wp-content\/uploads\/2025\/01\/Capture-decran-2025-01-06-a-09.11.05-768x573.png 768w, https:\/\/www.tact-transfusion.org\/wp-content\/uploads\/2025\/01\/Capture-decran-2025-01-06-a-09.11.05-1536x1146.png 1536w, https:\/\/www.tact-transfusion.org\/wp-content\/uploads\/2025\/01\/Capture-decran-2025-01-06-a-09.11.05-2048x1528.png 2048w, https:\/\/www.tact-transfusion.org\/wp-content\/uploads\/2025\/01\/Capture-decran-2025-01-06-a-09.11.05-1447x1080.png 1447w\" sizes=\"(max-width: 1024px) 100vw, 1024px\" \/><\/a><\/figure><div class=\"wp-block-media-text__content\">\n<p class=\"has-medium-font-size\"><a href=\"https:\/\/www.tact-transfusion.org\/wp-content\/uploads\/2025\/01\/Sebastien-LINOSSIER_Les-concentres-de-plaquettes.pdf\" target=\"_blank\" rel=\"noopener\" title=\"\"><strong><mark style=\"background-color:rgba(0, 0, 0, 0)\" class=\"has-inline-color has-vivid-red-color\">Les concentr\u00e9s de plaquettes (S\u00e9bastien LINOSSIER)<\/mark><\/strong><\/a><\/p>\n\n\n\n<figure class=\"wp-block-audio\"><audio controls src=\"https:\/\/www.tact-transfusion.org\/wp-content\/uploads\/2025\/01\/Le-prelevement-et-la-preparation-des-concentres-de-plaquettes-Mr-Sebastien-LINOSSIER-Cadre-medico-technique-service-Preparation-EFS-PACC-site-de-Marseille.mp3\"><\/audio><\/figure>\n<\/div><\/div>\n","protected":false},"excerpt":{"rendered":"<p>Le programme des rencontres Il se peut que certaines ne soient pas diffus\u00e9es car l&rsquo;auteur doit en donner son accord et cela n&rsquo;est pas toujours possible (publications en cours, acc\u00e8s libre..) La g\u00e9omatique \u00e0 l&rsquo;EFS (Dr Philippe HALBOUT) La gestion transfusionnelle en op\u00e9ration ext\u00e9rieure (Dr Vanina COROMINAS)<\/p>\n","protected":false},"author":1,"featured_media":0,"parent":10,"menu_order":0,"comment_status":"closed","ping_status":"closed","template":"page-templates\/homepage.php","meta":{"_monsterinsights_skip_tracking":false,"_monsterinsights_sitenote_active":false,"_monsterinsights_sitenote_note":"","_monsterinsights_sitenote_category":0,"footnotes":""},"categories":[],"tags":[26,30,28,27,29,25],"class_list":["post-2755","page","type-page","status-publish","hentry","tag-campus","tag-concentres-de-plaquettes","tag-drepanocytose","tag-geomatique","tag-opex","tag-recherche"],"_links":{"self":[{"href":"https:\/\/www.tact-transfusion.org\/index.php\/wp-json\/wp\/v2\/pages\/2755","targetHints":{"allow":["GET"]}}],"collection":[{"href":"https:\/\/www.tact-transfusion.org\/index.php\/wp-json\/wp\/v2\/pages"}],"about":[{"href":"https:\/\/www.tact-transfusion.org\/index.php\/wp-json\/wp\/v2\/types\/page"}],"author":[{"embeddable":true,"href":"https:\/\/www.tact-transfusion.org\/index.php\/wp-json\/wp\/v2\/users\/1"}],"replies":[{"embeddable":true,"href":"https:\/\/www.tact-transfusion.org\/index.php\/wp-json\/wp\/v2\/comments?post=2755"}],"version-history":[{"count":13,"href":"https:\/\/www.tact-transfusion.org\/index.php\/wp-json\/wp\/v2\/pages\/2755\/revisions"}],"predecessor-version":[{"id":2832,"href":"https:\/\/www.tact-transfusion.org\/index.php\/wp-json\/wp\/v2\/pages\/2755\/revisions\/2832"}],"up":[{"embeddable":true,"href":"https:\/\/www.tact-transfusion.org\/index.php\/wp-json\/wp\/v2\/pages\/10"}],"wp:attachment":[{"href":"https:\/\/www.tact-transfusion.org\/index.php\/wp-json\/wp\/v2\/media?parent=2755"}],"wp:term":[{"taxonomy":"category","embeddable":true,"href":"https:\/\/www.tact-transfusion.org\/index.php\/wp-json\/wp\/v2\/categories?post=2755"},{"taxonomy":"post_tag","embeddable":true,"href":"https:\/\/www.tact-transfusion.org\/index.php\/wp-json\/wp\/v2\/tags?post=2755"}],"curies":[{"name":"wp","href":"https:\/\/api.w.org\/{rel}","templated":true}]}}