{"id":2854,"date":"2025-02-27T13:02:52","date_gmt":"2025-02-27T12:02:52","guid":{"rendered":"https:\/\/www.tact-transfusion.org\/?page_id=2854"},"modified":"2025-12-02T18:40:10","modified_gmt":"2025-12-02T17:40:10","slug":"strasbourg-2025","status":"publish","type":"page","link":"https:\/\/www.tact-transfusion.org\/index.php\/presentations\/strasbourg-2025\/","title":{"rendered":"Strasbourg (2025)"},"content":{"rendered":"\n<p class=\"has-medium-font-size\"><mark style=\"background-color:rgba(0, 0, 0, 0)\" class=\"has-inline-color has-black-color\">Vous trouverez sur cette page toutes les pr\u00e9sentations et audios pour lesquels les auteurs nous auront donn\u00e9 l&rsquo;autorisation de diffusion.<\/mark><\/p>\n\n\n\n<div class=\"wp-block-media-text is-stacked-on-mobile\" style=\"grid-template-columns:25% auto\"><figure class=\"wp-block-media-text__media\"><a href=\"https:\/\/www.tact-transfusion.org\/wp-content\/uploads\/2025\/03\/Programme-TACT-Mars-2025_V3.pdf\" target=\"_blank\" rel=\" noreferrer noopener\"><img fetchpriority=\"high\" decoding=\"async\" width=\"912\" height=\"661\" src=\"https:\/\/www.tact-transfusion.org\/wp-content\/uploads\/2023\/08\/logo.jpg\" alt=\"\" class=\"wp-image-243 size-full\" srcset=\"https:\/\/www.tact-transfusion.org\/wp-content\/uploads\/2023\/08\/logo.jpg 912w, https:\/\/www.tact-transfusion.org\/wp-content\/uploads\/2023\/08\/logo-300x217.jpg 300w, https:\/\/www.tact-transfusion.org\/wp-content\/uploads\/2023\/08\/logo-768x557.jpg 768w\" sizes=\"(max-width: 912px) 100vw, 912px\" \/><\/a><\/figure><div class=\"wp-block-media-text__content\">\n<p class=\"has-medium-font-size\"><a href=\"https:\/\/www.tact-transfusion.org\/wp-content\/uploads\/2025\/03\/Programme-TACT-Mars-2025_V3.pdf\" target=\"_blank\" rel=\"noreferrer noopener\"><mark style=\"background-color:rgba(0, 0, 0, 0);color:#49608a\" class=\"has-inline-color\"><strong>Le programme des rencontres<\/strong><\/mark><\/a><\/p>\n<\/div><\/div>\n\n\n\n<p><\/p>\n\n\n\n<div class=\"wp-block-media-text is-stacked-on-mobile\" style=\"grid-template-columns:25% auto\"><figure class=\"wp-block-media-text__media\"><a href=\"https:\/\/www.tact-transfusion.org\/wp-content\/uploads\/2025\/03\/Remy-Hurstel_Activite-dHemostatse-specialisee.pdf\" target=\"_blank\" rel=\" noreferrer noopener\"><img decoding=\"async\" width=\"1024\" height=\"646\" src=\"https:\/\/www.tact-transfusion.org\/wp-content\/uploads\/2025\/03\/Remy-Hurstel_Activite-dHemostatse-specialisee-1024x646.png\" alt=\"\" class=\"wp-image-2964 size-full\" srcset=\"https:\/\/www.tact-transfusion.org\/wp-content\/uploads\/2025\/03\/Remy-Hurstel_Activite-dHemostatse-specialisee-1024x646.png 1024w, https:\/\/www.tact-transfusion.org\/wp-content\/uploads\/2025\/03\/Remy-Hurstel_Activite-dHemostatse-specialisee-300x189.png 300w, https:\/\/www.tact-transfusion.org\/wp-content\/uploads\/2025\/03\/Remy-Hurstel_Activite-dHemostatse-specialisee-768x485.png 768w, https:\/\/www.tact-transfusion.org\/wp-content\/uploads\/2025\/03\/Remy-Hurstel_Activite-dHemostatse-specialisee-1536x969.png 1536w, https:\/\/www.tact-transfusion.org\/wp-content\/uploads\/2025\/03\/Remy-Hurstel_Activite-dHemostatse-specialisee-1711x1080.png 1711w, https:\/\/www.tact-transfusion.org\/wp-content\/uploads\/2025\/03\/Remy-Hurstel_Activite-dHemostatse-specialisee.png 1746w\" sizes=\"(max-width: 1024px) 100vw, 1024px\" \/><\/a><\/figure><div class=\"wp-block-media-text__content\">\n<p class=\"has-medium-font-size\"><strong><a href=\"https:\/\/www.tact-transfusion.org\/wp-content\/uploads\/2025\/03\/Remy-Hurstel_Activite-dHemostatse-specialisee.pdf\" target=\"_blank\" rel=\"noreferrer noopener\"><mark style=\"background-color:rgba(0, 0, 0, 0)\" class=\"has-inline-color has-vivid-red-color\">Activit\u00e9s du laboratoire d\u2019h\u00e9mostase sp\u00e9cialis\u00e9e (Remy HURSTEL)<\/mark><\/a><\/strong><\/p>\n\n\n\n<figure class=\"wp-block-audio\"><audio controls src=\"https:\/\/www.tact-transfusion.org\/wp-content\/uploads\/2025\/03\/Activites-du-laboratoire-dhemostase-specialisee-Remy-HURSTEL.mp3\"><\/audio><\/figure>\n<\/div><\/div>\n\n\n\n<p><\/p>\n\n\n\n<div class=\"wp-block-media-text is-stacked-on-mobile\" style=\"grid-template-columns:25% auto\"><figure class=\"wp-block-media-text__media\"><a href=\"https:\/\/www.tact-transfusion.org\/wp-content\/uploads\/2025\/03\/Baptise-PANAGET_Immunisation-anti-CD36.pdf\" target=\"_blank\" rel=\" noreferrer noopener\"><img decoding=\"async\" width=\"1024\" height=\"767\" src=\"https:\/\/www.tact-transfusion.org\/wp-content\/uploads\/2025\/03\/Baptise-PANAGET_Immunisation-anti-CD36-1024x767.png\" alt=\"\" class=\"wp-image-2963 size-full\" srcset=\"https:\/\/www.tact-transfusion.org\/wp-content\/uploads\/2025\/03\/Baptise-PANAGET_Immunisation-anti-CD36-1024x767.png 1024w, https:\/\/www.tact-transfusion.org\/wp-content\/uploads\/2025\/03\/Baptise-PANAGET_Immunisation-anti-CD36-300x225.png 300w, https:\/\/www.tact-transfusion.org\/wp-content\/uploads\/2025\/03\/Baptise-PANAGET_Immunisation-anti-CD36-768x576.png 768w, https:\/\/www.tact-transfusion.org\/wp-content\/uploads\/2025\/03\/Baptise-PANAGET_Immunisation-anti-CD36-1536x1151.png 1536w, https:\/\/www.tact-transfusion.org\/wp-content\/uploads\/2025\/03\/Baptise-PANAGET_Immunisation-anti-CD36-1441x1080.png 1441w, https:\/\/www.tact-transfusion.org\/wp-content\/uploads\/2025\/03\/Baptise-PANAGET_Immunisation-anti-CD36.png 2012w\" sizes=\"(max-width: 1024px) 100vw, 1024px\" \/><\/a><\/figure><div class=\"wp-block-media-text__content\">\n<p class=\"has-medium-font-size\"><a href=\"https:\/\/www.tact-transfusion.org\/wp-content\/uploads\/2025\/03\/Baptise-PANAGET_Immunisation-anti-CD36.pdf\" target=\"_blank\" rel=\"noreferrer noopener\"><mark style=\"background-color:rgba(0, 0, 0, 0)\" class=\"has-inline-color has-vivid-red-color\"><strong>D\u00e9couverte et cas clinique d\u2019un patient poss\u00e9dant un anti-CD36 (Baptiste PANAGET)<\/strong><\/mark><\/a><\/p>\n\n\n\n<figure class=\"wp-block-audio\"><audio controls src=\"https:\/\/www.tact-transfusion.org\/wp-content\/uploads\/2025\/03\/Decouverte-et-cas-clinique-dun-patient-possedant-un-anti-CD36-Baptiste-PANAGET.mp3\"><\/audio><\/figure>\n<\/div><\/div>\n\n\n\n<p><\/p>\n\n\n\n<div class=\"wp-block-media-text is-stacked-on-mobile\" style=\"grid-template-columns:25% auto\"><figure class=\"wp-block-media-text__media\"><a href=\"https:\/\/www.tact-transfusion.org\/wp-content\/uploads\/2025\/03\/Sarah-LECOMTE_Mise-en-place-du-PFC-decongele-5j-sur-le-site-de-Reims.pdf\" target=\"_blank\" rel=\" noreferrer noopener\"><img loading=\"lazy\" decoding=\"async\" width=\"1024\" height=\"649\" src=\"https:\/\/www.tact-transfusion.org\/wp-content\/uploads\/2025\/03\/Sarah-LECOMTE_Mise-en-place-du-PFC-decongele-5j-sur-le-site-de-Reims-1024x649.png\" alt=\"\" class=\"wp-image-2956 size-full\" srcset=\"https:\/\/www.tact-transfusion.org\/wp-content\/uploads\/2025\/03\/Sarah-LECOMTE_Mise-en-place-du-PFC-decongele-5j-sur-le-site-de-Reims-1024x649.png 1024w, https:\/\/www.tact-transfusion.org\/wp-content\/uploads\/2025\/03\/Sarah-LECOMTE_Mise-en-place-du-PFC-decongele-5j-sur-le-site-de-Reims-300x190.png 300w, https:\/\/www.tact-transfusion.org\/wp-content\/uploads\/2025\/03\/Sarah-LECOMTE_Mise-en-place-du-PFC-decongele-5j-sur-le-site-de-Reims-768x487.png 768w, https:\/\/www.tact-transfusion.org\/wp-content\/uploads\/2025\/03\/Sarah-LECOMTE_Mise-en-place-du-PFC-decongele-5j-sur-le-site-de-Reims-1536x974.png 1536w, https:\/\/www.tact-transfusion.org\/wp-content\/uploads\/2025\/03\/Sarah-LECOMTE_Mise-en-place-du-PFC-decongele-5j-sur-le-site-de-Reims-1703x1080.png 1703w, https:\/\/www.tact-transfusion.org\/wp-content\/uploads\/2025\/03\/Sarah-LECOMTE_Mise-en-place-du-PFC-decongele-5j-sur-le-site-de-Reims.png 2006w\" sizes=\"(max-width: 1024px) 100vw, 1024px\" \/><\/a><\/figure><div class=\"wp-block-media-text__content\">\n<p class=\"has-medium-font-size\"><a href=\"https:\/\/www.tact-transfusion.org\/wp-content\/uploads\/2025\/03\/Sarah-LECOMTE_Mise-en-place-du-PFC-decongele-5j-sur-le-site-de-Reims.pdf\" target=\"_blank\" rel=\"noreferrer noopener\"><strong><mark style=\"background-color:rgba(0, 0, 0, 0)\" class=\"has-inline-color has-vivid-red-color\">Retour d\u2019exp\u00e9rience : mise en place de PFC d\u00e9congel\u00e9s 5 jours sur le site de Reims (Sarah LECOMTE)<\/mark><\/strong><\/a><\/p>\n\n\n\n<figure class=\"wp-block-audio\"><audio controls src=\"https:\/\/www.tact-transfusion.org\/wp-content\/uploads\/2025\/03\/Retour-dexperience-mise-en-place-de-PFC-decongeles-5-jours-sur-le-site-de-Reims-Sarah-LECOMTE.mp3\"><\/audio><\/figure>\n<\/div><\/div>\n\n\n\n<p><\/p>\n\n\n\n<div class=\"wp-block-media-text is-stacked-on-mobile\" style=\"grid-template-columns:25% auto\"><figure class=\"wp-block-media-text__media\"><a href=\"https:\/\/www.tact-transfusion.org\/wp-content\/uploads\/2025\/03\/Herve-ISOLA_-Collecte-et-production.pdf\" target=\"_blank\" rel=\" noreferrer noopener\"><img loading=\"lazy\" decoding=\"async\" width=\"1024\" height=\"651\" src=\"https:\/\/www.tact-transfusion.org\/wp-content\/uploads\/2025\/03\/Herve-ISOLA_-Collecte-et-production-1024x651.png\" alt=\"\" class=\"wp-image-2976 size-full\" srcset=\"https:\/\/www.tact-transfusion.org\/wp-content\/uploads\/2025\/03\/Herve-ISOLA_-Collecte-et-production-1024x651.png 1024w, https:\/\/www.tact-transfusion.org\/wp-content\/uploads\/2025\/03\/Herve-ISOLA_-Collecte-et-production-300x191.png 300w, https:\/\/www.tact-transfusion.org\/wp-content\/uploads\/2025\/03\/Herve-ISOLA_-Collecte-et-production-768x488.png 768w, https:\/\/www.tact-transfusion.org\/wp-content\/uploads\/2025\/03\/Herve-ISOLA_-Collecte-et-production-1536x976.png 1536w, https:\/\/www.tact-transfusion.org\/wp-content\/uploads\/2025\/03\/Herve-ISOLA_-Collecte-et-production-1700x1080.png 1700w, https:\/\/www.tact-transfusion.org\/wp-content\/uploads\/2025\/03\/Herve-ISOLA_-Collecte-et-production.png 1942w\" sizes=\"(max-width: 1024px) 100vw, 1024px\" \/><\/a><\/figure><div class=\"wp-block-media-text__content\">\n<p class=\"has-medium-font-size\"><a href=\"https:\/\/www.tact-transfusion.org\/wp-content\/uploads\/2025\/03\/Herve-ISOLA_-Collecte-et-production.pdf\"><strong><mark style=\"background-color:rgba(0, 0, 0, 0)\" class=\"has-inline-color has-vivid-red-color\">Collecte et production (Herv\u00e9 ISOLA)<\/mark><\/strong><\/a><\/p>\n\n\n\n<figure class=\"wp-block-audio\"><audio controls src=\"https:\/\/www.tact-transfusion.org\/wp-content\/uploads\/2025\/03\/Collecte-et-production-Herve-ISOLA.mp3\"><\/audio><\/figure>\n<\/div><\/div>\n\n\n\n<p><\/p>\n\n\n\n<p class=\"has-medium-font-size\"><\/p>\n\n\n\n<p><\/p>\n","protected":false},"excerpt":{"rendered":"<p>Vous trouverez sur cette page toutes les pr\u00e9sentations et audios pour lesquels les auteurs nous auront donn\u00e9 l&rsquo;autorisation de diffusion. Le programme des rencontres<\/p>\n","protected":false},"author":1,"featured_media":0,"parent":10,"menu_order":0,"comment_status":"closed","ping_status":"closed","template":"","meta":{"_monsterinsights_skip_tracking":false,"_monsterinsights_sitenote_active":false,"_monsterinsights_sitenote_note":"","_monsterinsights_sitenote_category":0,"footnotes":""},"categories":[],"tags":[21,23,20,24,22],"class_list":["post-2854","page","type-page","status-publish","hentry","tag-cd36","tag-collecte","tag-hemostase","tag-kougelhopf","tag-pfc-decongele"],"_links":{"self":[{"href":"https:\/\/www.tact-transfusion.org\/index.php\/wp-json\/wp\/v2\/pages\/2854","targetHints":{"allow":["GET"]}}],"collection":[{"href":"https:\/\/www.tact-transfusion.org\/index.php\/wp-json\/wp\/v2\/pages"}],"about":[{"href":"https:\/\/www.tact-transfusion.org\/index.php\/wp-json\/wp\/v2\/types\/page"}],"author":[{"embeddable":true,"href":"https:\/\/www.tact-transfusion.org\/index.php\/wp-json\/wp\/v2\/users\/1"}],"replies":[{"embeddable":true,"href":"https:\/\/www.tact-transfusion.org\/index.php\/wp-json\/wp\/v2\/comments?post=2854"}],"version-history":[{"count":10,"href":"https:\/\/www.tact-transfusion.org\/index.php\/wp-json\/wp\/v2\/pages\/2854\/revisions"}],"predecessor-version":[{"id":3165,"href":"https:\/\/www.tact-transfusion.org\/index.php\/wp-json\/wp\/v2\/pages\/2854\/revisions\/3165"}],"up":[{"embeddable":true,"href":"https:\/\/www.tact-transfusion.org\/index.php\/wp-json\/wp\/v2\/pages\/10"}],"wp:attachment":[{"href":"https:\/\/www.tact-transfusion.org\/index.php\/wp-json\/wp\/v2\/media?parent=2854"}],"wp:term":[{"taxonomy":"category","embeddable":true,"href":"https:\/\/www.tact-transfusion.org\/index.php\/wp-json\/wp\/v2\/categories?post=2854"},{"taxonomy":"post_tag","embeddable":true,"href":"https:\/\/www.tact-transfusion.org\/index.php\/wp-json\/wp\/v2\/tags?post=2854"}],"curies":[{"name":"wp","href":"https:\/\/api.w.org\/{rel}","templated":true}]}}