{"id":3054,"date":"2025-11-25T14:03:19","date_gmt":"2025-11-25T13:03:19","guid":{"rendered":"https:\/\/www.tact-transfusion.org\/?page_id=3054"},"modified":"2025-12-07T14:49:41","modified_gmt":"2025-12-07T13:49:41","slug":"bordeaux-2025","status":"publish","type":"page","link":"https:\/\/www.tact-transfusion.org\/index.php\/presentations\/bordeaux-2025\/","title":{"rendered":"Bordeaux (2025)"},"content":{"rendered":"\n<p class=\"has-black-color has-text-color has-link-color has-medium-font-size wp-elements-866e92701d35b147853dd1ebca03704c\"><mark style=\"background-color:rgba(0, 0, 0, 0)\" class=\"has-inline-color has-black-color\">Vous trouverez sur cette page toutes les pr\u00e9sentations et audios pour lesquels les auteurs nous auront donn\u00e9 l&rsquo;autorisation de diffusion.<\/mark><\/p>\n\n\n\n<div class=\"wp-block-media-text is-stacked-on-mobile\" style=\"grid-template-columns:25% auto\"><figure class=\"wp-block-media-text__media\"><a href=\"https:\/\/www.tact-transfusion.org\/wp-content\/uploads\/2025\/11\/Programme-Bordeaux-novembre-2025-v4.pdf\" target=\"_blank\" rel=\" noreferrer noopener\"><img fetchpriority=\"high\" decoding=\"async\" width=\"894\" height=\"535\" src=\"https:\/\/www.tact-transfusion.org\/wp-content\/uploads\/2023\/08\/cropped-cropped-logo-1.jpg\" alt=\"\" class=\"wp-image-3034 size-full\" srcset=\"https:\/\/www.tact-transfusion.org\/wp-content\/uploads\/2023\/08\/cropped-cropped-logo-1.jpg 894w, https:\/\/www.tact-transfusion.org\/wp-content\/uploads\/2023\/08\/cropped-cropped-logo-1-300x180.jpg 300w, https:\/\/www.tact-transfusion.org\/wp-content\/uploads\/2023\/08\/cropped-cropped-logo-1-768x460.jpg 768w\" sizes=\"(max-width: 894px) 100vw, 894px\" \/><\/a><\/figure><div class=\"wp-block-media-text__content\">\n<p class=\"has-medium-font-size\"><a href=\"https:\/\/www.tact-transfusion.org\/wp-content\/uploads\/2025\/11\/Programme-Bordeaux-novembre-2025-v4.pdf\" target=\"_blank\" rel=\"noreferrer noopener\"><mark style=\"background-color:rgba(0, 0, 0, 0);color:#49608a\" class=\"has-inline-color\"><strong>Le programme des rencontres<\/strong><\/mark><\/a><\/p>\n\n\n\n<p><\/p>\n<\/div><\/div>\n\n\n\n<p class=\"has-medium-font-size\"><\/p>\n\n\n\n<div class=\"wp-block-media-text is-stacked-on-mobile\" style=\"grid-template-columns:25% auto\"><figure class=\"wp-block-media-text__media\"><a href=\"https:\/\/www.tact-transfusion.org\/wp-content\/uploads\/2025\/11\/Dr-Marie-COLOMBAT_Role-du-laboratoire-de-Controle-Qualite-dans-les-dossiers-devaluation-des-PSL.pdf\" target=\"_blank\" rel=\" noreferrer noopener\"><img decoding=\"async\" width=\"960\" height=\"717\" src=\"https:\/\/www.tact-transfusion.org\/wp-content\/uploads\/2025\/11\/Dr-Marie-COLOMBAT_Role-du-laboratoire-de-Controle-Qualite-dans-les-dossiers-devaluation-des-PSL.jpg\" alt=\"\" class=\"wp-image-3069 size-full\" srcset=\"https:\/\/www.tact-transfusion.org\/wp-content\/uploads\/2025\/11\/Dr-Marie-COLOMBAT_Role-du-laboratoire-de-Controle-Qualite-dans-les-dossiers-devaluation-des-PSL.jpg 960w, https:\/\/www.tact-transfusion.org\/wp-content\/uploads\/2025\/11\/Dr-Marie-COLOMBAT_Role-du-laboratoire-de-Controle-Qualite-dans-les-dossiers-devaluation-des-PSL-300x224.jpg 300w, https:\/\/www.tact-transfusion.org\/wp-content\/uploads\/2025\/11\/Dr-Marie-COLOMBAT_Role-du-laboratoire-de-Controle-Qualite-dans-les-dossiers-devaluation-des-PSL-768x574.jpg 768w\" sizes=\"(max-width: 960px) 100vw, 960px\" \/><\/a><\/figure><div class=\"wp-block-media-text__content\">\n<p class=\"has-vivid-red-color has-text-color has-link-color has-medium-font-size wp-elements-dad5da010facede01636cfaef83f7f24\"><strong><a href=\"https:\/\/www.tact-transfusion.org\/wp-content\/uploads\/2025\/11\/Dr-Marie-COLOMBAT_Role-du-laboratoire-de-Controle-Qualite-dans-les-dossiers-devaluation-des-PSL.pdf\" target=\"_blank\" rel=\"noreferrer noopener\">R\u00f4le du laboratoire de Contr\u00f4le Qualit\u00e9 dans les dossiers d\u2019\u00e9valuation des PSL (Dr Marie COLOMBAT)<\/a><\/strong><\/p>\n<\/div><\/div>\n\n\n\n<p><\/p>\n\n\n\n<div class=\"wp-block-media-text is-stacked-on-mobile\" style=\"grid-template-columns:25% auto\"><figure class=\"wp-block-media-text__media\"><a href=\"https:\/\/www.tact-transfusion.org\/wp-content\/uploads\/2025\/11\/Anne-Sophie-DEBOUDT_Apport-des-hematies-du-LPNT-pour-la-technique-de-lallo-adsorption.pdf\" target=\"_blank\" rel=\" noreferrer noopener\"><img decoding=\"async\" width=\"1024\" height=\"589\" src=\"https:\/\/www.tact-transfusion.org\/wp-content\/uploads\/2025\/11\/Anne-Sophie-DEBOUDT_Apport-des-hematies-du-LPNT-pour-la-technique-de-lallo-adsorption-1024x589.png\" alt=\"\" class=\"wp-image-3093 size-full\" srcset=\"https:\/\/www.tact-transfusion.org\/wp-content\/uploads\/2025\/11\/Anne-Sophie-DEBOUDT_Apport-des-hematies-du-LPNT-pour-la-technique-de-lallo-adsorption-1024x589.png 1024w, https:\/\/www.tact-transfusion.org\/wp-content\/uploads\/2025\/11\/Anne-Sophie-DEBOUDT_Apport-des-hematies-du-LPNT-pour-la-technique-de-lallo-adsorption-300x172.png 300w, https:\/\/www.tact-transfusion.org\/wp-content\/uploads\/2025\/11\/Anne-Sophie-DEBOUDT_Apport-des-hematies-du-LPNT-pour-la-technique-de-lallo-adsorption-768x442.png 768w, https:\/\/www.tact-transfusion.org\/wp-content\/uploads\/2025\/11\/Anne-Sophie-DEBOUDT_Apport-des-hematies-du-LPNT-pour-la-technique-de-lallo-adsorption.png 1282w\" sizes=\"(max-width: 1024px) 100vw, 1024px\" \/><\/a><\/figure><div class=\"wp-block-media-text__content\">\n<p class=\"has-vivid-red-color has-text-color has-link-color has-medium-font-size wp-elements-6109edf9c59fbb9b7d1b52d0518518ce\"><a href=\"https:\/\/www.tact-transfusion.org\/wp-content\/uploads\/2025\/11\/Anne-Sophie-DEBOUDT_Apport-des-hematies-du-LPNT-pour-la-technique-de-lallo-adsorption.pdf\" target=\"_blank\" rel=\"noreferrer noopener\"><strong>Apport des h\u00e9maties du LPNT pour la technique de l&rsquo;allo-adsorption (Anne-Sophie DEBOUDT)<\/strong><\/a><\/p>\n\n\n\n<figure class=\"wp-block-audio\"><audio controls src=\"https:\/\/www.tact-transfusion.org\/wp-content\/uploads\/2025\/12\/Apport-des-hematies-du-LPNT-pour-la-technique-de-lallo-adsorption-Anne-Sophie-DEBOUDT.mp3\"><\/audio><\/figure>\n<\/div><\/div>\n\n\n\n<p><\/p>\n\n\n\n<div class=\"wp-block-media-text is-stacked-on-mobile\" style=\"grid-template-columns:25% auto\"><figure class=\"wp-block-media-text__media\"><a href=\"https:\/\/www.tact-transfusion.org\/wp-content\/uploads\/2025\/11\/Nicolas-HEBERT-Methodes-innovantes-pour-lexploration-biologique-des-hemolyses-application-a-lanemie-spatiale.pdf\" target=\"_blank\" rel=\" noreferrer noopener\"><img loading=\"lazy\" decoding=\"async\" width=\"1024\" height=\"576\" src=\"https:\/\/www.tact-transfusion.org\/wp-content\/uploads\/2025\/11\/Nicolas-HEBERT-Methodes-innovantes-pour-lexploration-biologique-des-hemolyses-application-a-lanemie-spatiale-1024x576.png\" alt=\"\" class=\"wp-image-3129 size-full\" srcset=\"https:\/\/www.tact-transfusion.org\/wp-content\/uploads\/2025\/11\/Nicolas-HEBERT-Methodes-innovantes-pour-lexploration-biologique-des-hemolyses-application-a-lanemie-spatiale-1024x576.png 1024w, https:\/\/www.tact-transfusion.org\/wp-content\/uploads\/2025\/11\/Nicolas-HEBERT-Methodes-innovantes-pour-lexploration-biologique-des-hemolyses-application-a-lanemie-spatiale-300x169.png 300w, https:\/\/www.tact-transfusion.org\/wp-content\/uploads\/2025\/11\/Nicolas-HEBERT-Methodes-innovantes-pour-lexploration-biologique-des-hemolyses-application-a-lanemie-spatiale-768x432.png 768w, https:\/\/www.tact-transfusion.org\/wp-content\/uploads\/2025\/11\/Nicolas-HEBERT-Methodes-innovantes-pour-lexploration-biologique-des-hemolyses-application-a-lanemie-spatiale.png 1473w\" sizes=\"(max-width: 1024px) 100vw, 1024px\" \/><\/a><\/figure><div class=\"wp-block-media-text__content\">\n<p class=\"has-vivid-red-color has-text-color has-link-color has-medium-font-size wp-elements-1ac4d2a88f193c9d3a7571aca8944bf3\"><a href=\"https:\/\/www.tact-transfusion.org\/wp-content\/uploads\/2025\/11\/Nicolas-HEBERT-Methodes-innovantes-pour-lexploration-biologique-des-hemolyses-application-a-lanemie-spatiale.pdf\" target=\"_blank\" rel=\"noreferrer noopener\"><strong>M\u00e9thodes innovantes pour l&rsquo;exploration biologique des h\u00e9molyses application \u00e0 l&rsquo;an\u00e9mie spatiale (Nicolas HEBERT)<\/strong><\/a><\/p>\n\n\n\n<figure class=\"wp-block-audio\"><audio controls src=\"https:\/\/www.tact-transfusion.org\/wp-content\/uploads\/2025\/12\/Methodes-innovantes-pour-lexploration-biologique-des-hemolyses-application-a-lanemie-spatiale-Nicolas-HEBERT.mp3\"><\/audio><\/figure>\n<\/div><\/div>\n\n\n\n<p><\/p>\n\n\n\n<div class=\"wp-block-media-text is-stacked-on-mobile\" style=\"grid-template-columns:25% auto\"><figure class=\"wp-block-media-text__media\"><a href=\"https:\/\/www.tact-transfusion.org\/wp-content\/uploads\/2025\/12\/Dr-Zoran-IVANOVIC_Recherche-a-lEFS-NVAQ.pdf\" target=\"_blank\" rel=\" noreferrer noopener\"><img loading=\"lazy\" decoding=\"async\" width=\"1024\" height=\"577\" src=\"https:\/\/www.tact-transfusion.org\/wp-content\/uploads\/2025\/12\/Dr-Zoran-IVANOVIC_Recherche-a-lEFS-NVAQ-1-1024x577.png\" alt=\"\" class=\"wp-image-3146 size-full\" srcset=\"https:\/\/www.tact-transfusion.org\/wp-content\/uploads\/2025\/12\/Dr-Zoran-IVANOVIC_Recherche-a-lEFS-NVAQ-1-1024x577.png 1024w, https:\/\/www.tact-transfusion.org\/wp-content\/uploads\/2025\/12\/Dr-Zoran-IVANOVIC_Recherche-a-lEFS-NVAQ-1-300x169.png 300w, https:\/\/www.tact-transfusion.org\/wp-content\/uploads\/2025\/12\/Dr-Zoran-IVANOVIC_Recherche-a-lEFS-NVAQ-1-768x433.png 768w, https:\/\/www.tact-transfusion.org\/wp-content\/uploads\/2025\/12\/Dr-Zoran-IVANOVIC_Recherche-a-lEFS-NVAQ-1.png 1281w\" sizes=\"(max-width: 1024px) 100vw, 1024px\" \/><\/a><\/figure><div class=\"wp-block-media-text__content\">\n<p class=\"has-medium-font-size\"><a href=\"https:\/\/www.tact-transfusion.org\/wp-content\/uploads\/2025\/12\/Dr-Zoran-IVANOVIC_Recherche-a-lEFS-NVAQ.pdf\" target=\"_blank\" rel=\"noreferrer noopener\"><mark style=\"background-color:rgba(0, 0, 0, 0)\" class=\"has-inline-color has-vivid-red-color\"><strong>Recherche \u00e0 l&rsquo;EFS NVAQ (Dr Zoran IVANOVIC)<\/strong><\/mark><\/a><\/p>\n\n\n\n<figure class=\"wp-block-audio\"><audio controls src=\"https:\/\/www.tact-transfusion.org\/wp-content\/uploads\/2025\/12\/Recherche-EFS-NVAQ.mp3\"><\/audio><\/figure>\n\n\n\n<p class=\"has-medium-font-size\"><\/p>\n<\/div><\/div>\n\n\n\n<p><\/p>\n\n\n\n<div class=\"wp-block-media-text is-stacked-on-mobile\" style=\"grid-template-columns:25% auto\"><figure class=\"wp-block-media-text__media\"><a href=\"https:\/\/www.tact-transfusion.org\/wp-content\/uploads\/2025\/12\/Julie-DETRIEUX_Dissection-des-cornees-et-des-valves-cardiaques-par-les-techniciens-de-la-Banque-de-Tissus-de-bordeaux_TACT-2025.pdf\" target=\"_blank\" rel=\" noreferrer noopener\"><img loading=\"lazy\" decoding=\"async\" width=\"958\" height=\"719\" src=\"https:\/\/www.tact-transfusion.org\/wp-content\/uploads\/2025\/12\/Julie-DETRIEUX_Dissection-des-cornees-et-des-valves-cardiaques-par-les-techniciens-de-la-Banque-de-Tissus-de-bordeaux_TACT-2025.png\" alt=\"\" class=\"wp-image-3156 size-full\" srcset=\"https:\/\/www.tact-transfusion.org\/wp-content\/uploads\/2025\/12\/Julie-DETRIEUX_Dissection-des-cornees-et-des-valves-cardiaques-par-les-techniciens-de-la-Banque-de-Tissus-de-bordeaux_TACT-2025.png 958w, https:\/\/www.tact-transfusion.org\/wp-content\/uploads\/2025\/12\/Julie-DETRIEUX_Dissection-des-cornees-et-des-valves-cardiaques-par-les-techniciens-de-la-Banque-de-Tissus-de-bordeaux_TACT-2025-300x225.png 300w, https:\/\/www.tact-transfusion.org\/wp-content\/uploads\/2025\/12\/Julie-DETRIEUX_Dissection-des-cornees-et-des-valves-cardiaques-par-les-techniciens-de-la-Banque-de-Tissus-de-bordeaux_TACT-2025-768x576.png 768w\" sizes=\"(max-width: 958px) 100vw, 958px\" \/><\/a><\/figure><div class=\"wp-block-media-text__content\">\n<p class=\"has-medium-font-size\"><strong><a href=\"https:\/\/www.tact-transfusion.org\/wp-content\/uploads\/2025\/12\/Julie-DETRIEUX_Dissection-des-cornees-et-des-valves-cardiaques-par-les-techniciens-de-la-Banque-de-Tissus-de-bordeaux_TACT-2025.pdf\" target=\"_blank\" rel=\"noreferrer noopener\"><mark style=\"background-color:rgba(0, 0, 0, 0)\" class=\"has-inline-color has-vivid-red-color\">Dissection des corn\u00e9es et des valves cardiaques par les techniciens de la Banque de Tissus de bordeaux (Julie DETRIEUX)<\/mark><\/a><\/strong><\/p>\n<\/div><\/div>\n\n\n\n<p><\/p>\n\n\n\n<div class=\"wp-block-media-text is-stacked-on-mobile\" style=\"grid-template-columns:25% auto\"><figure class=\"wp-block-media-text__media\"><a href=\"https:\/\/www.tact-transfusion.org\/wp-content\/uploads\/2025\/12\/Dr-Charlotte-Magdelaine_Prise-en-charge-transfusionnelle-dun-cas-danemie-foetale-severe-dans-un-contexte-dinfection-au-Parvovirus-B19-et-dune-allo-immunisation-foeto-maternelle-anti-Jr1.pdf\" target=\"_blank\" rel=\" noreferrer noopener\"><img loading=\"lazy\" decoding=\"async\" width=\"1024\" height=\"767\" src=\"https:\/\/www.tact-transfusion.org\/wp-content\/uploads\/2025\/12\/Dr-Charlotte-Magdelaine_Prise-en-charge-transfusionnelle-dun-cas-danemie-foetale-severe-dans-un-contexte-dinfection-au-Parvovirus-B19-et-dune-allo-immunisation-foeto-maternelle-1024x767.jpg\" alt=\"\" class=\"wp-image-3170 size-full\" srcset=\"https:\/\/www.tact-transfusion.org\/wp-content\/uploads\/2025\/12\/Dr-Charlotte-Magdelaine_Prise-en-charge-transfusionnelle-dun-cas-danemie-foetale-severe-dans-un-contexte-dinfection-au-Parvovirus-B19-et-dune-allo-immunisation-foeto-maternelle-1024x767.jpg 1024w, https:\/\/www.tact-transfusion.org\/wp-content\/uploads\/2025\/12\/Dr-Charlotte-Magdelaine_Prise-en-charge-transfusionnelle-dun-cas-danemie-foetale-severe-dans-un-contexte-dinfection-au-Parvovirus-B19-et-dune-allo-immunisation-foeto-maternelle-300x225.jpg 300w, https:\/\/www.tact-transfusion.org\/wp-content\/uploads\/2025\/12\/Dr-Charlotte-Magdelaine_Prise-en-charge-transfusionnelle-dun-cas-danemie-foetale-severe-dans-un-contexte-dinfection-au-Parvovirus-B19-et-dune-allo-immunisation-foeto-maternelle-768x575.jpg 768w, https:\/\/www.tact-transfusion.org\/wp-content\/uploads\/2025\/12\/Dr-Charlotte-Magdelaine_Prise-en-charge-transfusionnelle-dun-cas-danemie-foetale-severe-dans-un-contexte-dinfection-au-Parvovirus-B19-et-dune-allo-immunisation-foeto-maternelle.jpg 1262w\" sizes=\"(max-width: 1024px) 100vw, 1024px\" \/><\/a><\/figure><div class=\"wp-block-media-text__content\">\n<p class=\"has-medium-font-size\"><strong><a href=\"https:\/\/www.tact-transfusion.org\/wp-content\/uploads\/2025\/12\/Dr-Charlotte-Magdelaine_Prise-en-charge-transfusionnelle-dun-cas-danemie-foetale-severe-dans-un-contexte-dinfection-au-Parvovirus-B19-et-dune-allo-immunisation-foeto-maternelle-anti-Jr1.pdf\" target=\"_blank\" rel=\"noreferrer noopener\"><mark style=\"background-color:rgba(0, 0, 0, 0)\" class=\"has-inline-color has-vivid-red-color\">Prise en charge transfusionnelle d\u2019un cas d\u2019an\u00e9mie f\u0153tale s\u00e9v\u00e8re dans un contexte d\u2019infection au Parvovirus B19 et d\u2019une allo-immunisation f\u0153to-maternelle anti-Jr1 (Dr Charlotte MAGDELAINE)<\/mark><\/a><\/strong><\/p>\n\n\n\n<figure class=\"wp-block-audio\"><audio controls src=\"https:\/\/www.tact-transfusion.org\/wp-content\/uploads\/2025\/12\/Prise-en-charge-transfusionnelle-dun-cas-danemie-foetale-severe-dans-un-contexte-dinfection-au-Parvovirus-B19-et-dune-allo-immunisation-foeto-maternelle-anti-Jr1-Dr-Charlotte-MAGDELAINE.mp3\"><\/audio><\/figure>\n<\/div><\/div>\n\n\n\n<p><\/p>\n\n\n\n<div class=\"wp-block-media-text is-stacked-on-mobile\" style=\"grid-template-columns:25% auto\"><figure class=\"wp-block-media-text__media\"><a href=\"https:\/\/www.tact-transfusion.org\/wp-content\/uploads\/2025\/12\/P.BOUVY-L.LEVOIR_PFC-decongeles-5-jours-Quel-impact-en-delivrance.pdf\" target=\"_blank\" rel=\" noreferrer noopener\"><img loading=\"lazy\" decoding=\"async\" width=\"1024\" height=\"573\" src=\"https:\/\/www.tact-transfusion.org\/wp-content\/uploads\/2025\/12\/P.BOUVY-L.LEVOIR_PFC-decongeles-5-jours-Quel-impact-en-delivrance-1024x573.jpg\" alt=\"\" class=\"wp-image-3175 size-full\" srcset=\"https:\/\/www.tact-transfusion.org\/wp-content\/uploads\/2025\/12\/P.BOUVY-L.LEVOIR_PFC-decongeles-5-jours-Quel-impact-en-delivrance-1024x573.jpg 1024w, https:\/\/www.tact-transfusion.org\/wp-content\/uploads\/2025\/12\/P.BOUVY-L.LEVOIR_PFC-decongeles-5-jours-Quel-impact-en-delivrance-300x168.jpg 300w, https:\/\/www.tact-transfusion.org\/wp-content\/uploads\/2025\/12\/P.BOUVY-L.LEVOIR_PFC-decongeles-5-jours-Quel-impact-en-delivrance-768x430.jpg 768w, https:\/\/www.tact-transfusion.org\/wp-content\/uploads\/2025\/12\/P.BOUVY-L.LEVOIR_PFC-decongeles-5-jours-Quel-impact-en-delivrance.jpg 1281w\" sizes=\"(max-width: 1024px) 100vw, 1024px\" \/><\/a><\/figure><div class=\"wp-block-media-text__content\">\n<p class=\"has-medium-font-size\"><a href=\"https:\/\/www.tact-transfusion.org\/wp-content\/uploads\/2025\/12\/P.BOUVY-L.LEVOIR_PFC-decongeles-5-jours-Quel-impact-en-delivrance.pdf\" target=\"_blank\" rel=\"noreferrer noopener\"><strong><mark style=\"background-color:rgba(0, 0, 0, 0)\" class=\"has-inline-color has-vivid-red-color\">PFC d\u00e9congel\u00e9s 5 jours &#8211; Quel impact en d\u00e9livrance (P.BOUVY-L.LEVOIR)<\/mark><\/strong><\/a><\/p>\n\n\n\n<figure class=\"wp-block-audio\"><audio controls src=\"https:\/\/www.tact-transfusion.org\/wp-content\/uploads\/2025\/12\/PFC-decongeles-5-jours-Quel-impact-en-delivrance-P.BOUVY-L.LEVOIR.mp3\"><\/audio><\/figure>\n<\/div><\/div>\n\n\n\n<p><\/p>\n","protected":false},"excerpt":{"rendered":"<p>Vous trouverez sur cette page toutes les pr\u00e9sentations et audios pour lesquels les auteurs nous auront donn\u00e9 l&rsquo;autorisation de diffusion. Le programme des rencontres R\u00f4le du laboratoire de Contr\u00f4le Qualit\u00e9 dans les dossiers d\u2019\u00e9valuation des PSL (Dr Marie COLOMBAT) Dissection des corn\u00e9es et des valves cardiaques par les techniciens de la Banque de Tissus de&hellip; <br \/> <a class=\"read-more\" href=\"https:\/\/www.tact-transfusion.org\/index.php\/presentations\/bordeaux-2025\/\">Lire la suite<\/a><\/p>\n","protected":false},"author":1,"featured_media":0,"parent":10,"menu_order":0,"comment_status":"closed","ping_status":"closed","template":"","meta":{"_monsterinsights_skip_tracking":false,"_monsterinsights_sitenote_active":false,"_monsterinsights_sitenote_note":"","_monsterinsights_sitenote_category":0,"footnotes":""},"categories":[],"tags":[15,67,18,66,13,17,16,68,19,14,65],"class_list":["post-3054","page","type-page","status-publish","hentry","tag-allo-adsorption","tag-allo-immunisation","tag-anemie","tag-anti-jr1","tag-controle-qualite","tag-espace","tag-evaluation-psl","tag-foeto-maternelle","tag-hemolyse","tag-lpnt","tag-parvovirus-b19"],"_links":{"self":[{"href":"https:\/\/www.tact-transfusion.org\/index.php\/wp-json\/wp\/v2\/pages\/3054","targetHints":{"allow":["GET"]}}],"collection":[{"href":"https:\/\/www.tact-transfusion.org\/index.php\/wp-json\/wp\/v2\/pages"}],"about":[{"href":"https:\/\/www.tact-transfusion.org\/index.php\/wp-json\/wp\/v2\/types\/page"}],"author":[{"embeddable":true,"href":"https:\/\/www.tact-transfusion.org\/index.php\/wp-json\/wp\/v2\/users\/1"}],"replies":[{"embeddable":true,"href":"https:\/\/www.tact-transfusion.org\/index.php\/wp-json\/wp\/v2\/comments?post=3054"}],"version-history":[{"count":14,"href":"https:\/\/www.tact-transfusion.org\/index.php\/wp-json\/wp\/v2\/pages\/3054\/revisions"}],"predecessor-version":[{"id":3185,"href":"https:\/\/www.tact-transfusion.org\/index.php\/wp-json\/wp\/v2\/pages\/3054\/revisions\/3185"}],"up":[{"embeddable":true,"href":"https:\/\/www.tact-transfusion.org\/index.php\/wp-json\/wp\/v2\/pages\/10"}],"wp:attachment":[{"href":"https:\/\/www.tact-transfusion.org\/index.php\/wp-json\/wp\/v2\/media?parent=3054"}],"wp:term":[{"taxonomy":"category","embeddable":true,"href":"https:\/\/www.tact-transfusion.org\/index.php\/wp-json\/wp\/v2\/categories?post=3054"},{"taxonomy":"post_tag","embeddable":true,"href":"https:\/\/www.tact-transfusion.org\/index.php\/wp-json\/wp\/v2\/tags?post=3054"}],"curies":[{"name":"wp","href":"https:\/\/api.w.org\/{rel}","templated":true}]}}