{"id":3338,"date":"2026-03-12T12:45:33","date_gmt":"2026-03-12T11:45:33","guid":{"rendered":"https:\/\/www.tact-transfusion.org\/?page_id=3338"},"modified":"2026-03-24T23:17:46","modified_gmt":"2026-03-24T22:17:46","slug":"tours-2026","status":"publish","type":"page","link":"https:\/\/www.tact-transfusion.org\/index.php\/presentations\/tours-2026\/","title":{"rendered":"Tours (2026)"},"content":{"rendered":"\n<div class=\"wp-block-media-text is-stacked-on-mobile\" style=\"grid-template-columns:25% auto\"><figure class=\"wp-block-media-text__media\"><a href=\"https:\/\/www.tact-transfusion.org\/wp-content\/uploads\/2026\/02\/Programme-Tours-V3.pdf\" target=\"_blank\" rel=\" noreferrer noopener\"><img fetchpriority=\"high\" decoding=\"async\" width=\"886\" height=\"661\" src=\"https:\/\/www.tact-transfusion.org\/wp-content\/uploads\/2023\/08\/cropped-logo-1.jpg\" alt=\"\" class=\"wp-image-3231 size-full\" srcset=\"https:\/\/www.tact-transfusion.org\/wp-content\/uploads\/2023\/08\/cropped-logo-1.jpg 886w, https:\/\/www.tact-transfusion.org\/wp-content\/uploads\/2023\/08\/cropped-logo-1-300x224.jpg 300w, https:\/\/www.tact-transfusion.org\/wp-content\/uploads\/2023\/08\/cropped-logo-1-768x573.jpg 768w\" sizes=\"(max-width: 886px) 100vw, 886px\" \/><\/a><\/figure><div class=\"wp-block-media-text__content\">\n<p class=\"has-medium-font-size\"><strong><a href=\"https:\/\/www.tact-transfusion.org\/wp-content\/uploads\/2026\/02\/Programme-Tours-V3.pdf\" target=\"_blank\" rel=\"noreferrer noopener\">Le programme des rencontres<\/a><\/strong><\/p>\n<\/div><\/div>\n\n\n\n<p class=\"has-black-color has-text-color has-link-color has-medium-font-size wp-elements-c72eb7aaffa3e96ce4848af45c69d42f\"><strong>Conseil :<\/strong> pour suivre les pr\u00e9sentations avec l&rsquo;audio, cliquez d&rsquo;abord sur la fl\u00e8che pour lancer la lecture de l&rsquo;audio puis sur le lien de la pr\u00e9sentation qui s&rsquo;ouvrira dans un nouvel onglet.<\/p>\n\n\n\n<div class=\"wp-block-media-text is-stacked-on-mobile\" style=\"grid-template-columns:25% auto\"><figure class=\"wp-block-media-text__media\"><a href=\"https:\/\/www.tact-transfusion.org\/wp-content\/uploads\/2026\/03\/Cellules-NK-sentinelles-post-greffe-et-nouvelles-stars-de-limmunotherapie-C.RETIERE.pdf\" target=\"_blank\" rel=\" noreferrer noopener\"><img decoding=\"async\" width=\"1024\" height=\"574\" src=\"https:\/\/www.tact-transfusion.org\/wp-content\/uploads\/2026\/03\/Cellules-NK-sentinelles-post-greffe-et-nouvelles-stars-de-limmunotherapie-C.RETIERE-1024x574.jpg\" alt=\"\" class=\"wp-image-3342 size-full\" srcset=\"https:\/\/www.tact-transfusion.org\/wp-content\/uploads\/2026\/03\/Cellules-NK-sentinelles-post-greffe-et-nouvelles-stars-de-limmunotherapie-C.RETIERE-1024x574.jpg 1024w, https:\/\/www.tact-transfusion.org\/wp-content\/uploads\/2026\/03\/Cellules-NK-sentinelles-post-greffe-et-nouvelles-stars-de-limmunotherapie-C.RETIERE-200x112.jpg 200w, https:\/\/www.tact-transfusion.org\/wp-content\/uploads\/2026\/03\/Cellules-NK-sentinelles-post-greffe-et-nouvelles-stars-de-limmunotherapie-C.RETIERE-768x430.jpg 768w, https:\/\/www.tact-transfusion.org\/wp-content\/uploads\/2026\/03\/Cellules-NK-sentinelles-post-greffe-et-nouvelles-stars-de-limmunotherapie-C.RETIERE.jpg 1412w\" sizes=\"(max-width: 1024px) 100vw, 1024px\" \/><\/a><\/figure><div class=\"wp-block-media-text__content\">\n<p class=\"has-vivid-red-color has-text-color has-link-color has-medium-font-size wp-elements-ccf1ef06d10ea920ced780961f7ba75d\"><strong><mark style=\"background-color:rgba(0, 0, 0, 0)\" class=\"has-inline-color has-vivid-red-color\"><a href=\"https:\/\/www.tact-transfusion.org\/wp-content\/uploads\/2026\/03\/Cellules-NK-sentinelles-post-greffe-et-nouvelles-stars-de-limmunotherapie-C.RETIERE.pdf\" target=\"_blank\" rel=\"noreferrer noopener\">Cellules NK sentinelles post-greffe et nouvelles stars de l\u2019immunoth\u00e9rapie (Christelle RETIERE)<\/a><\/mark><\/strong><\/p>\n\n\n\n<figure class=\"wp-block-audio\"><audio controls src=\"https:\/\/www.tact-transfusion.org\/wp-content\/uploads\/2026\/03\/Cellules-NK-sentinelles-post-greffe-et-nouvelles-stars-de-limmunotherapie.mp3\"><\/audio><\/figure>\n<\/div><\/div>\n\n\n\n<p><\/p>\n\n\n\n<div class=\"wp-block-media-text is-stacked-on-mobile\" style=\"grid-template-columns:25% auto\"><figure class=\"wp-block-media-text__media\"><a href=\"https:\/\/www.tact-transfusion.org\/wp-content\/uploads\/2026\/03\/PRESENTATION-La-Plasmatheque-Nationale-V1-POUR-DIFFUSION.pdf\" target=\"_blank\" rel=\" noreferrer noopener\"><img decoding=\"async\" width=\"1024\" height=\"697\" src=\"https:\/\/www.tact-transfusion.org\/wp-content\/uploads\/2026\/03\/LPNT-1024x697.png\" alt=\"\" class=\"wp-image-3348 size-full\" srcset=\"https:\/\/www.tact-transfusion.org\/wp-content\/uploads\/2026\/03\/LPNT-1024x697.png 1024w, https:\/\/www.tact-transfusion.org\/wp-content\/uploads\/2026\/03\/LPNT-200x136.png 200w, https:\/\/www.tact-transfusion.org\/wp-content\/uploads\/2026\/03\/LPNT-768x523.png 768w, https:\/\/www.tact-transfusion.org\/wp-content\/uploads\/2026\/03\/LPNT.png 1154w\" sizes=\"(max-width: 1024px) 100vw, 1024px\" \/><\/a><\/figure><div class=\"wp-block-media-text__content\">\n<p class=\"has-vivid-red-color has-text-color has-link-color has-medium-font-size wp-elements-ca422729cff24db4fb6cda901b8be294\"><strong><a href=\"https:\/\/www.tact-transfusion.org\/wp-content\/uploads\/2026\/03\/PRESENTATION-La-Plasmatheque-Nationale-V1-POUR-DIFFUSION.pdf\" target=\"_blank\" rel=\"noreferrer noopener\">La plasmath\u00e8que nationale (Fr\u00e9d\u00e9ric VOISIN)<\/a><\/strong><\/p>\n\n\n\n<figure class=\"wp-block-audio\"><audio controls src=\"https:\/\/www.tact-transfusion.org\/wp-content\/uploads\/2026\/03\/La-plasmatheque-nationale.mp3\"><\/audio><\/figure>\n<\/div><\/div>\n\n\n\n<p><\/p>\n\n\n\n<div class=\"wp-block-media-text is-stacked-on-mobile\" style=\"grid-template-columns:25% auto\"><figure class=\"wp-block-media-text__media\"><a href=\"https:\/\/www.tact-transfusion.org\/wp-content\/uploads\/2026\/03\/Depistage-syphilis-en-QBD-Christine-ROGOWSKI-2.pdf\" target=\"_blank\" rel=\" noreferrer noopener\"><img loading=\"lazy\" decoding=\"async\" width=\"1024\" height=\"649\" src=\"https:\/\/www.tact-transfusion.org\/wp-content\/uploads\/2026\/03\/La-syphilis-1024x649.png\" alt=\"\" class=\"wp-image-3349 size-full\" srcset=\"https:\/\/www.tact-transfusion.org\/wp-content\/uploads\/2026\/03\/La-syphilis-1024x649.png 1024w, https:\/\/www.tact-transfusion.org\/wp-content\/uploads\/2026\/03\/La-syphilis-200x127.png 200w, https:\/\/www.tact-transfusion.org\/wp-content\/uploads\/2026\/03\/La-syphilis-768x487.png 768w, https:\/\/www.tact-transfusion.org\/wp-content\/uploads\/2026\/03\/La-syphilis.png 1256w\" sizes=\"(max-width: 1024px) 100vw, 1024px\" \/><\/a><\/figure><div class=\"wp-block-media-text__content\">\n<p class=\"has-vivid-red-color has-text-color has-link-color has-medium-font-size wp-elements-e5e9c3f25f176dcb04f2a5fce981fd04\"><strong><a href=\"https:\/\/www.tact-transfusion.org\/wp-content\/uploads\/2026\/03\/Depistage-syphilis-en-QBD-Christine-ROGOWSKI-2.pdf\" target=\"_blank\" rel=\"noreferrer noopener\">D\u00e9pistage syphilis en QBD (Christine ROGOWSKI)<\/a><\/strong><\/p>\n\n\n\n<figure class=\"wp-block-audio\"><audio controls src=\"https:\/\/www.tact-transfusion.org\/wp-content\/uploads\/2026\/03\/Le-depistage-de-la-syphilis-en-QBD-Christine-ROGOWSKI.mp3\"><\/audio><\/figure>\n<\/div><\/div>\n\n\n\n<p><\/p>\n\n\n\n<div class=\"wp-block-media-text is-stacked-on-mobile\" style=\"grid-template-columns:25% auto\"><figure class=\"wp-block-media-text__media\"><a href=\"https:\/\/www.tact-transfusion.org\/wp-content\/uploads\/2026\/03\/Photopherese-au-Centre-de-Soins-de-Tours-Isabelle-BOUTIN.pdf\" target=\"_blank\" rel=\" noreferrer noopener\"><img loading=\"lazy\" decoding=\"async\" width=\"1024\" height=\"618\" src=\"https:\/\/www.tact-transfusion.org\/wp-content\/uploads\/2026\/03\/Photopherese-au-Centre-de-Soins-de-Tours-1024x618.png\" alt=\"\" class=\"wp-image-3367 size-full\" srcset=\"https:\/\/www.tact-transfusion.org\/wp-content\/uploads\/2026\/03\/Photopherese-au-Centre-de-Soins-de-Tours-1024x618.png 1024w, https:\/\/www.tact-transfusion.org\/wp-content\/uploads\/2026\/03\/Photopherese-au-Centre-de-Soins-de-Tours-200x121.png 200w, https:\/\/www.tact-transfusion.org\/wp-content\/uploads\/2026\/03\/Photopherese-au-Centre-de-Soins-de-Tours-768x464.png 768w, https:\/\/www.tact-transfusion.org\/wp-content\/uploads\/2026\/03\/Photopherese-au-Centre-de-Soins-de-Tours.png 1058w\" sizes=\"(max-width: 1024px) 100vw, 1024px\" \/><\/a><\/figure><div class=\"wp-block-media-text__content\">\n<p class=\"has-vivid-red-color has-text-color has-link-color has-medium-font-size wp-elements-6d6ebdc151a357054b2b6bf65f7adc3f\"><strong><a href=\"https:\/\/www.tact-transfusion.org\/wp-content\/uploads\/2026\/03\/Photopherese-au-Centre-de-Soins-de-Tours-Isabelle-BOUTIN.pdf\" target=\"_blank\" rel=\"noreferrer noopener\">Photoph\u00e9r\u00e8se au Centre de Soins de Tours (Isabelle BOUTIN)<\/a><\/strong><\/p>\n\n\n\n<p class=\"has-text-color has-link-color wp-elements-46de2a681656083e5b0d96f846b16503\" style=\"color:#2aab77;font-size:20px\"><a href=\"https:\/\/therakos.showpad.com\/share\/fglAuE6Ct4VMCbjp8GWJi\/0\"><strong>Vid\u00e9o de pr\u00e9sentation de l&rsquo;appareil de Photoph\u00e9r\u00e8se Therakos<\/strong><\/a><\/p>\n\n\n\n<figure class=\"wp-block-audio\"><audio controls src=\"https:\/\/www.tact-transfusion.org\/wp-content\/uploads\/2026\/03\/Photopherese-Isabelle-BOUTIN.mp3\"><\/audio><\/figure>\n<\/div><\/div>\n\n\n\n<p><\/p>\n\n\n\n<div class=\"wp-block-media-text is-stacked-on-mobile\" style=\"grid-template-columns:25% auto\"><figure class=\"wp-block-media-text__media\"><a href=\"https:\/\/www.tact-transfusion.org\/wp-content\/uploads\/2026\/03\/Regulation-des-stocks-de-PSL.pdf\" target=\"_blank\" rel=\" noreferrer noopener\"><img loading=\"lazy\" decoding=\"async\" width=\"1024\" height=\"599\" src=\"https:\/\/www.tact-transfusion.org\/wp-content\/uploads\/2026\/03\/Regulation-des-stocks-de-PSL-1024x599.png\" alt=\"\" class=\"wp-image-3372 size-full\" srcset=\"https:\/\/www.tact-transfusion.org\/wp-content\/uploads\/2026\/03\/Regulation-des-stocks-de-PSL-1024x599.png 1024w, https:\/\/www.tact-transfusion.org\/wp-content\/uploads\/2026\/03\/Regulation-des-stocks-de-PSL-200x117.png 200w, https:\/\/www.tact-transfusion.org\/wp-content\/uploads\/2026\/03\/Regulation-des-stocks-de-PSL-768x449.png 768w, https:\/\/www.tact-transfusion.org\/wp-content\/uploads\/2026\/03\/Regulation-des-stocks-de-PSL.png 1290w\" sizes=\"(max-width: 1024px) 100vw, 1024px\" \/><\/a><\/figure><div class=\"wp-block-media-text__content\">\n<p class=\"has-vivid-red-color has-text-color has-link-color has-medium-font-size wp-elements-0be12407fb3aca318439360a2759fdbd\"><mark style=\"background-color:rgba(0, 0, 0, 0)\" class=\"has-inline-color has-vivid-red-color\"><strong><a href=\"https:\/\/www.tact-transfusion.org\/wp-content\/uploads\/2026\/03\/Regulation-des-stocks-de-PSL.pdf\" target=\"_blank\" rel=\"noreferrer noopener\">R\u00e9gulation des stocks de PSL : m\u00e9canismes et interactions (Fr\u00e9d\u00e9ric CABARET)<\/a><\/strong><\/mark><\/p>\n\n\n\n<figure class=\"wp-block-audio\"><audio controls src=\"https:\/\/www.tact-transfusion.org\/wp-content\/uploads\/2026\/03\/Regulation-des-stocks-de-PSL-mecanismes-et-interactions.mp3\"><\/audio><\/figure>\n<\/div><\/div>\n\n\n\n<p><\/p>\n\n\n\n<div class=\"wp-block-media-text is-stacked-on-mobile\" style=\"grid-template-columns:25% auto\"><figure class=\"wp-block-media-text__media\"><a href=\"https:\/\/www.tact-transfusion.org\/wp-content\/uploads\/2026\/03\/PRESENTATION-Coordination-approvisionnement-Matiere-Premiere-NTH-pour-les-EFS-Reactifs-V1-1-1.pdf\" target=\"_blank\" rel=\" noreferrer noopener\"><img loading=\"lazy\" decoding=\"async\" width=\"958\" height=\"716\" src=\"https:\/\/www.tact-transfusion.org\/wp-content\/uploads\/2026\/03\/Coordination-approvisionnement-Matiere-Premiere-NTH-pour-les-EFS-Reactifs-.png\" alt=\"\" class=\"wp-image-3375 size-full\" srcset=\"https:\/\/www.tact-transfusion.org\/wp-content\/uploads\/2026\/03\/Coordination-approvisionnement-Matiere-Premiere-NTH-pour-les-EFS-Reactifs-.png 958w, https:\/\/www.tact-transfusion.org\/wp-content\/uploads\/2026\/03\/Coordination-approvisionnement-Matiere-Premiere-NTH-pour-les-EFS-Reactifs--200x149.png 200w, https:\/\/www.tact-transfusion.org\/wp-content\/uploads\/2026\/03\/Coordination-approvisionnement-Matiere-Premiere-NTH-pour-les-EFS-Reactifs--768x574.png 768w\" sizes=\"(max-width: 958px) 100vw, 958px\" \/><\/a><\/figure><div class=\"wp-block-media-text__content\">\n<p class=\"has-vivid-red-color has-text-color has-link-color has-medium-font-size wp-elements-d9faf2cebea373f28445808467d9687c\"><strong><a href=\"https:\/\/www.tact-transfusion.org\/wp-content\/uploads\/2026\/03\/PRESENTATION-Coordination-approvisionnement-Matiere-Premiere-NTH-pour-les-EFS-Reactifs-V1-1-1.pdf\" target=\"_blank\" rel=\"noreferrer noopener\">Coordination approvisionnement Mati\u00e8re Premi\u00e8re NTH pour les EFS Reactifs (Fr\u00e9d\u00e9ric VOISIN)<\/a><\/strong><\/p>\n\n\n\n<figure class=\"wp-block-audio\"><audio controls src=\"https:\/\/www.tact-transfusion.org\/wp-content\/uploads\/2026\/03\/Coordination-EFS-Reactifs-Fredereic-VOISIN.mp3\"><\/audio><\/figure>\n<\/div><\/div>\n\n\n\n<p><\/p>\n\n\n\n<div class=\"wp-block-media-text is-stacked-on-mobile\" style=\"grid-template-columns:25% auto\"><figure class=\"wp-block-media-text__media\"><a href=\"https:\/\/www.tact-transfusion.org\/wp-content\/uploads\/2026\/03\/Presentation-Banque-de-Tissus-TACT-CB-09.03.2026.pdf\" target=\"_blank\" rel=\" noreferrer noopener\"><img loading=\"lazy\" decoding=\"async\" width=\"1024\" height=\"588\" src=\"https:\/\/www.tact-transfusion.org\/wp-content\/uploads\/2026\/03\/Banque-de-Tissus-du-prelevement-a-la-greffe-1024x588.png\" alt=\"\" class=\"wp-image-3382 size-full\" srcset=\"https:\/\/www.tact-transfusion.org\/wp-content\/uploads\/2026\/03\/Banque-de-Tissus-du-prelevement-a-la-greffe-1024x588.png 1024w, https:\/\/www.tact-transfusion.org\/wp-content\/uploads\/2026\/03\/Banque-de-Tissus-du-prelevement-a-la-greffe-200x115.png 200w, https:\/\/www.tact-transfusion.org\/wp-content\/uploads\/2026\/03\/Banque-de-Tissus-du-prelevement-a-la-greffe-768x441.png 768w, https:\/\/www.tact-transfusion.org\/wp-content\/uploads\/2026\/03\/Banque-de-Tissus-du-prelevement-a-la-greffe.png 1244w\" sizes=\"(max-width: 1024px) 100vw, 1024px\" \/><\/a><\/figure><div class=\"wp-block-media-text__content\">\n<p class=\"has-vivid-red-color has-text-color has-link-color has-medium-font-size wp-elements-97fb15ca1439274306d00f7e05cb08d4\"><strong><a href=\"https:\/\/www.tact-transfusion.org\/wp-content\/uploads\/2026\/03\/Presentation-Banque-de-Tissus-TACT-CB-09.03.2026.pdf\" target=\"_blank\" rel=\"noreferrer noopener\">Banques de Tissus du pr\u00e9l\u00e8vement \u00e0 la greffe (Christophe BOUILLAUD)<\/a><\/strong><\/p>\n\n\n\n<figure class=\"wp-block-audio\"><audio controls src=\"https:\/\/www.tact-transfusion.org\/wp-content\/uploads\/2026\/03\/Banque-de-tissus-humain-du-prelevement-a-la-greffe.mp3\"><\/audio><\/figure>\n\n\n\n<p class=\"has-vivid-green-cyan-color has-text-color has-link-color has-medium-font-size wp-elements-1ec09401e1270b0ab2d62692f465066f\"><a href=\"https:\/\/www.youtube.com\/watch?v=NBZl9Zfzh14&amp;feature=youtu.be\" target=\"_blank\" rel=\"noreferrer noopener\"><strong><mark style=\"background-color:rgba(0, 0, 0, 0);color:#22a877\" class=\"has-inline-color\">Vid\u00e9o : Du donneur au patient en th\u00e9rapie tissulaire et cellulaire<\/mark><\/strong><\/a><\/p>\n<\/div><\/div>\n\n\n\n<p><\/p>\n\n\n\n<div class=\"wp-block-media-text is-stacked-on-mobile\" style=\"grid-template-columns:25% auto\"><figure class=\"wp-block-media-text__media\"><a href=\"https:\/\/www.tact-transfusion.org\/wp-content\/uploads\/2026\/03\/Transport-dechantillons-biologiques-par-drones-.pdf\" target=\"_blank\" rel=\" noreferrer noopener\"><img loading=\"lazy\" decoding=\"async\" width=\"1024\" height=\"768\" src=\"https:\/\/www.tact-transfusion.org\/wp-content\/uploads\/2026\/03\/Transport-dechantillons-biologiques-par-drones--1024x768.png\" alt=\"\" class=\"wp-image-3507 size-full\" srcset=\"https:\/\/www.tact-transfusion.org\/wp-content\/uploads\/2026\/03\/Transport-dechantillons-biologiques-par-drones--1024x768.png 1024w, https:\/\/www.tact-transfusion.org\/wp-content\/uploads\/2026\/03\/Transport-dechantillons-biologiques-par-drones--200x150.png 200w, https:\/\/www.tact-transfusion.org\/wp-content\/uploads\/2026\/03\/Transport-dechantillons-biologiques-par-drones--768x576.png 768w, https:\/\/www.tact-transfusion.org\/wp-content\/uploads\/2026\/03\/Transport-dechantillons-biologiques-par-drones--1536x1152.png 1536w, https:\/\/www.tact-transfusion.org\/wp-content\/uploads\/2026\/03\/Transport-dechantillons-biologiques-par-drones--1441x1080.png 1441w, https:\/\/www.tact-transfusion.org\/wp-content\/uploads\/2026\/03\/Transport-dechantillons-biologiques-par-drones-.png 1822w\" sizes=\"(max-width: 1024px) 100vw, 1024px\" \/><\/a><\/figure><div class=\"wp-block-media-text__content\">\n<p class=\"has-vivid-red-color has-text-color has-link-color has-medium-font-size wp-elements-e88c463f84865daeabc6177c1d83802b\"><a href=\"https:\/\/www.tact-transfusion.org\/wp-content\/uploads\/2026\/03\/Transport-dechantillons-biologiques-par-drones-.pdf\" target=\"_blank\" rel=\"noreferrer noopener\"><strong>Transport d&rsquo;\u00e9chantillons biologiques par drones (Sylvie BIGRE)<\/strong><\/a><\/p>\n\n\n\n<figure class=\"wp-block-audio\"><audio controls src=\"https:\/\/www.tact-transfusion.org\/wp-content\/uploads\/2026\/03\/Drones-Sylvie-BIGRE.mp3\"><\/audio><\/figure>\n<\/div><\/div>\n\n\n\n<p><\/p>\n\n\n\n<div class=\"wp-block-media-text is-stacked-on-mobile\" style=\"grid-template-columns:25% auto\"><figure class=\"wp-block-media-text__media\"><a href=\"https:\/\/www.tact-transfusion.org\/wp-content\/uploads\/2026\/03\/Allogreffe-de-CSH-002.pdf\" target=\"_blank\" rel=\" noreferrer noopener\"><img loading=\"lazy\" decoding=\"async\" width=\"1024\" height=\"599\" src=\"https:\/\/www.tact-transfusion.org\/wp-content\/uploads\/2026\/03\/Allogreffe-de-CSH-1024x599.png\" alt=\"\" class=\"wp-image-3512 size-full\" srcset=\"https:\/\/www.tact-transfusion.org\/wp-content\/uploads\/2026\/03\/Allogreffe-de-CSH-1024x599.png 1024w, https:\/\/www.tact-transfusion.org\/wp-content\/uploads\/2026\/03\/Allogreffe-de-CSH-200x117.png 200w, https:\/\/www.tact-transfusion.org\/wp-content\/uploads\/2026\/03\/Allogreffe-de-CSH-768x450.png 768w, https:\/\/www.tact-transfusion.org\/wp-content\/uploads\/2026\/03\/Allogreffe-de-CSH-1536x899.png 1536w, https:\/\/www.tact-transfusion.org\/wp-content\/uploads\/2026\/03\/Allogreffe-de-CSH-2048x1199.png 2048w, https:\/\/www.tact-transfusion.org\/wp-content\/uploads\/2026\/03\/Allogreffe-de-CSH-1845x1080.png 1845w\" sizes=\"(max-width: 1024px) 100vw, 1024px\" \/><\/a><\/figure><div class=\"wp-block-media-text__content\">\n<p class=\"has-vivid-red-color has-text-color has-link-color has-medium-font-size wp-elements-05474c154b25aee94beb8843760c0e13\"><strong><a href=\"https:\/\/www.tact-transfusion.org\/wp-content\/uploads\/2026\/03\/Allogreffe-de-CSH-002.pdf\" target=\"_blank\" rel=\"noreferrer noopener\">Allogreffes de Cellules Souches H\u00e9matopo\u00ef\u00e9tiques CSH (Karine MAISONNIER)<\/a><\/strong><\/p>\n\n\n\n<figure class=\"wp-block-audio\"><audio controls src=\"https:\/\/www.tact-transfusion.org\/wp-content\/uploads\/2026\/03\/Allogreffe-CSH-Karine-Maisonnier.mp3\"><\/audio><\/figure>\n<\/div><\/div>\n\n\n\n<p><\/p>\n\n\n\n<div class=\"wp-block-media-text is-stacked-on-mobile\" style=\"grid-template-columns:25% auto\"><figure class=\"wp-block-media-text__media\"><a href=\"https:\/\/www.tact-transfusion.org\/wp-content\/uploads\/2026\/03\/Production-de-concentres-plaquettaires.pdf\" target=\"_blank\" rel=\" noreferrer noopener\"><img loading=\"lazy\" decoding=\"async\" width=\"1024\" height=\"599\" src=\"https:\/\/www.tact-transfusion.org\/wp-content\/uploads\/2026\/03\/Production-de-concentres-plaquettaires-1024x599.png\" alt=\"\" class=\"wp-image-3522 size-full\" srcset=\"https:\/\/www.tact-transfusion.org\/wp-content\/uploads\/2026\/03\/Production-de-concentres-plaquettaires-1024x599.png 1024w, https:\/\/www.tact-transfusion.org\/wp-content\/uploads\/2026\/03\/Production-de-concentres-plaquettaires-200x117.png 200w, https:\/\/www.tact-transfusion.org\/wp-content\/uploads\/2026\/03\/Production-de-concentres-plaquettaires-768x449.png 768w, https:\/\/www.tact-transfusion.org\/wp-content\/uploads\/2026\/03\/Production-de-concentres-plaquettaires-1536x898.png 1536w, https:\/\/www.tact-transfusion.org\/wp-content\/uploads\/2026\/03\/Production-de-concentres-plaquettaires-2048x1198.png 2048w, https:\/\/www.tact-transfusion.org\/wp-content\/uploads\/2026\/03\/Production-de-concentres-plaquettaires-1847x1080.png 1847w\" sizes=\"(max-width: 1024px) 100vw, 1024px\" \/><\/a><\/figure><div class=\"wp-block-media-text__content\">\n<p class=\"has-vivid-red-color has-text-color has-link-color has-medium-font-size wp-elements-6201e986f5603d2644c64b045afd1371\"><strong><a href=\"https:\/\/www.tact-transfusion.org\/wp-content\/uploads\/2026\/03\/Production-de-concentres-plaquettaires.pdf\" target=\"_blank\" rel=\"noreferrer noopener\">Production de concentr\u00e9s plaquettaires et influence de la saisonnalit\u00e9 des num\u00e9rations plaquettaires (Emmanuel RIVERY\/Yann GIRAUD)<\/a><\/strong><\/p>\n<\/div><\/div>\n\n\n\n<p><\/p>\n","protected":false},"excerpt":{"rendered":"<p>Le programme des rencontres Conseil : pour suivre les pr\u00e9sentations avec l&rsquo;audio, cliquez d&rsquo;abord sur la fl\u00e8che pour lancer la lecture de l&rsquo;audio puis sur le lien de la pr\u00e9sentation qui s&rsquo;ouvrira dans un nouvel onglet. Production de concentr\u00e9s plaquettaires et influence de la saisonnalit\u00e9 des num\u00e9rations plaquettaires (Emmanuel RIVERY\/Yann GIRAUD)<\/p>\n","protected":false},"author":1,"featured_media":0,"parent":10,"menu_order":0,"comment_status":"closed","ping_status":"closed","template":"","meta":{"_monsterinsights_skip_tracking":false,"_monsterinsights_sitenote_active":false,"_monsterinsights_sitenote_note":"","_monsterinsights_sitenote_category":0,"footnotes":""},"categories":[],"tags":[78,74,14,71,73,76,75,77,72],"class_list":["post-3338","page","type-page","status-publish","hentry","tag-banque-de-tissus","tag-drones","tag-lpnt","tag-nk","tag-panels","tag-photopherese","tag-plasmatheque","tag-regulation-des-stocks","tag-syphilis"],"_links":{"self":[{"href":"https:\/\/www.tact-transfusion.org\/index.php\/wp-json\/wp\/v2\/pages\/3338","targetHints":{"allow":["GET"]}}],"collection":[{"href":"https:\/\/www.tact-transfusion.org\/index.php\/wp-json\/wp\/v2\/pages"}],"about":[{"href":"https:\/\/www.tact-transfusion.org\/index.php\/wp-json\/wp\/v2\/types\/page"}],"author":[{"embeddable":true,"href":"https:\/\/www.tact-transfusion.org\/index.php\/wp-json\/wp\/v2\/users\/1"}],"replies":[{"embeddable":true,"href":"https:\/\/www.tact-transfusion.org\/index.php\/wp-json\/wp\/v2\/comments?post=3338"}],"version-history":[{"count":46,"href":"https:\/\/www.tact-transfusion.org\/index.php\/wp-json\/wp\/v2\/pages\/3338\/revisions"}],"predecessor-version":[{"id":3524,"href":"https:\/\/www.tact-transfusion.org\/index.php\/wp-json\/wp\/v2\/pages\/3338\/revisions\/3524"}],"up":[{"embeddable":true,"href":"https:\/\/www.tact-transfusion.org\/index.php\/wp-json\/wp\/v2\/pages\/10"}],"wp:attachment":[{"href":"https:\/\/www.tact-transfusion.org\/index.php\/wp-json\/wp\/v2\/media?parent=3338"}],"wp:term":[{"taxonomy":"category","embeddable":true,"href":"https:\/\/www.tact-transfusion.org\/index.php\/wp-json\/wp\/v2\/categories?post=3338"},{"taxonomy":"post_tag","embeddable":true,"href":"https:\/\/www.tact-transfusion.org\/index.php\/wp-json\/wp\/v2\/tags?post=3338"}],"curies":[{"name":"wp","href":"https:\/\/api.w.org\/{rel}","templated":true}]}}